{"id":7,"date":"2017-09-01T15:56:46","date_gmt":"2017-09-01T13:56:46","guid":{"rendered":"http:\/\/a-b-d.de\/wp\/?page_id=7"},"modified":"2022-05-04T13:27:00","modified_gmt":"2022-05-04T11:27:00","slug":"abd-business-center","status":"publish","type":"page","link":"https:\/\/officedus.de\/de\/","title":{"rendered":"ABD Business Centers  &#8211;  2x in D\u00fcsseldorf"},"content":{"rendered":"<p>[vc_row][vc_column offset=&#8220;vc_col-lg-offset-0 vc_col-lg-6 vc_col-md-offset-0 vc_col-md-6 vc_col-sm-offset-0 vc_col-xs-12&#8243;][vc_column_text]Ihr Business Center im deutschen Wirtschaftszentrum D\u00fcsseldorf<br \/>\n&#8211; an zwei zentralen Standorten mit renommierter Adresse und mit pers\u00f6nlichem Service<\/p>\n<p>B\u00fcro-, Seminar- und Konferenzr\u00e4ume schnell und flexibel Ihren Bed\u00fcrfnissen angepasst<br \/>\nF\u00fcr Ihren Firmensitz, Ihre Firmenadresse, Repr\u00e4sentanz oder Ihr Messe-\/Projektb\u00fcro<br \/>\nin erstklassiger zentraler und verkehrsg\u00fcnstiger Lage<\/p>\n<p>Als inhabergef\u00fchrtes Unternehmen k\u00f6nnen wir uns unmittelbar auf Ihre speziellen Anforderungen einstellen und Sie pers\u00f6nlich betreuen! <a href=\"https:\/\/officedus.de\/kontakt\/\">Kontaktieren Sie uns!<\/a><\/p>\n<h3>ABD kurz &amp; knapp:<\/h3>\n<ul class=\"fa-ul\">\n<li><i class=\"fal fa-map-marker\"><\/i> zentrale, gut angebundene Lage<\/li>\n<li><i class=\"fal fa-building\"><\/i>40 B\u00fcros\u00a0 &#8211; von 11-52 m\u00b2<\/li>\n<li><i class=\"fal fa-wifi\"><\/i> Glasfasernetz<\/li>\n<li><i class=\"fal fa-temperature-frigid\"><\/i> K\u00fchlsystem in der Oststra\u00dfe<\/li>\n<li><i class=\"fal fa-utensils\"><\/i> zahlreiche Restaurants<\/li>\n<li><i class=\"fal fa-shopping-cart\"><\/i> 3 Superm\u00e4rkte innerhalb 200m<\/li>\n<li><i class=\"fal fa-bed\"><\/i> Hotels in unmittelbarer N\u00e4he<\/li>\n<\/ul>\n<p>[\/vc_column_text][\/vc_column][vc_column offset=&#8220;vc_col-lg-offset-0 vc_col-lg-6 vc_col-md-offset-0 vc_col-md-6 vc_col-sm-offset-0 vc_col-xs-12&#8243;][vc_row_inner][vc_column_inner][vc_single_image image=&#8220;1204&#8243; img_size=&#8220;medium&#8220; alignment=&#8220;center&#8220;][\/vc_column_inner][\/vc_row_inner][\/vc_column][\/vc_row]<\/p>\n","protected":false},"excerpt":{"rendered":"<p>[vc_row][vc_column offset=&#8220;vc_col-lg-offset-0 vc_col-lg-6 vc_col-md-offset-0 vc_col-md-6 vc_col-sm-offset-0 vc_col-xs-12&#8243;][vc_column_text]Ihr Business Center im deutschen Wirtschaftszentrum D\u00fcsseldorf &#8211; an zwei zentralen Standorten mit renommierter Adresse und mit pers\u00f6nlichem Service B\u00fcro-, Seminar- und Konferenzr\u00e4ume schnell und flexibel Ihren Bed\u00fcrfnissen angepasst F\u00fcr Ihren Firmensitz, Ihre Firmenadresse, Repr\u00e4sentanz oder Ihr Messe-\/Projektb\u00fcro in erstklassiger zentraler und verkehrsg\u00fcnstiger Lage Als inhabergef\u00fchrtes Unternehmen k\u00f6nnen wir<\/p>\n","protected":false},"author":1,"featured_media":0,"parent":0,"menu_order":0,"comment_status":"closed","ping_status":"closed","template":"","meta":[],"acf":[],"yoast_head":"<!-- This site is optimized with the Yoast SEO plugin v19.10 - https:\/\/yoast.com\/wordpress\/plugins\/seo\/ -->\n<title>ABD Business Centers - 2x in D\u00fcsseldorf - ABD<\/title>\n<meta name=\"robots\" content=\"index, follow, max-snippet:-1, max-image-preview:large, max-video-preview:-1\" \/>\n<link rel=\"canonical\" href=\"https:\/\/officedus.de\/de\/\" \/>\n<meta property=\"og:locale\" content=\"de_DE\" \/>\n<meta property=\"og:type\" content=\"article\" \/>\n<meta property=\"og:title\" content=\"ABD Business Centers - 2x in D\u00fcsseldorf - ABD\" \/>\n<meta property=\"og:description\" content=\"[vc_row][vc_column offset=&#8220;vc_col-lg-offset-0 vc_col-lg-6 vc_col-md-offset-0 vc_col-md-6 vc_col-sm-offset-0 vc_col-xs-12&#8243;][vc_column_text]Ihr Business Center im deutschen Wirtschaftszentrum D\u00fcsseldorf &#8211; an zwei zentralen Standorten mit renommierter Adresse und mit pers\u00f6nlichem Service B\u00fcro-, Seminar- und Konferenzr\u00e4ume schnell und flexibel Ihren Bed\u00fcrfnissen angepasst F\u00fcr Ihren Firmensitz, Ihre Firmenadresse, Repr\u00e4sentanz oder Ihr Messe-\/Projektb\u00fcro in erstklassiger zentraler und verkehrsg\u00fcnstiger Lage Als inhabergef\u00fchrtes Unternehmen k\u00f6nnen wir\" \/>\n<meta property=\"og:url\" content=\"https:\/\/officedus.de\/de\/\" \/>\n<meta property=\"og:site_name\" content=\"ABD\" \/>\n<meta property=\"article:modified_time\" content=\"2022-05-04T11:27:00+00:00\" \/>\n<meta name=\"twitter:card\" content=\"summary_large_image\" \/>\n<meta name=\"twitter:label1\" content=\"Gesch\u00e4tzte Lesezeit\" \/>\n\t<meta name=\"twitter:data1\" content=\"1\u00a0Minute\" \/>\n<script type=\"application\/ld+json\" class=\"yoast-schema-graph\">{\"@context\":\"https:\/\/schema.org\",\"@graph\":[{\"@type\":\"WebPage\",\"@id\":\"https:\/\/officedus.de\/de\/\",\"url\":\"https:\/\/officedus.de\/de\/\",\"name\":\"ABD Business Centers - 2x in D\u00fcsseldorf - ABD\",\"isPartOf\":{\"@id\":\"https:\/\/officedus.de\/#website\"},\"datePublished\":\"2017-09-01T13:56:46+00:00\",\"dateModified\":\"2022-05-04T11:27:00+00:00\",\"breadcrumb\":{\"@id\":\"https:\/\/officedus.de\/de\/#breadcrumb\"},\"inLanguage\":\"de\",\"potentialAction\":[{\"@type\":\"ReadAction\",\"target\":[\"https:\/\/officedus.de\/de\/\"]}]},{\"@type\":\"BreadcrumbList\",\"@id\":\"https:\/\/officedus.de\/de\/#breadcrumb\",\"itemListElement\":[{\"@type\":\"ListItem\",\"position\":1,\"name\":\"Startseite\",\"item\":\"https:\/\/officedus.de\/de\/\"},{\"@type\":\"ListItem\",\"position\":2,\"name\":\"ABD Business Centers &#8211; 2x in D\u00fcsseldorf\"}]},{\"@type\":\"WebSite\",\"@id\":\"https:\/\/officedus.de\/#website\",\"url\":\"https:\/\/officedus.de\/\",\"name\":\"ABD\",\"description\":\"\",\"potentialAction\":[{\"@type\":\"SearchAction\",\"target\":{\"@type\":\"EntryPoint\",\"urlTemplate\":\"https:\/\/officedus.de\/?s={search_term_string}\"},\"query-input\":\"required name=search_term_string\"}],\"inLanguage\":\"de\"}]}<\/script>\n<!-- \/ Yoast SEO plugin. -->","yoast_head_json":{"title":"ABD Business Centers - 2x in D\u00fcsseldorf - ABD","robots":{"index":"index","follow":"follow","max-snippet":"max-snippet:-1","max-image-preview":"max-image-preview:large","max-video-preview":"max-video-preview:-1"},"canonical":"https:\/\/officedus.de\/de\/","og_locale":"de_DE","og_type":"article","og_title":"ABD Business Centers - 2x in D\u00fcsseldorf - ABD","og_description":"[vc_row][vc_column offset=&#8220;vc_col-lg-offset-0 vc_col-lg-6 vc_col-md-offset-0 vc_col-md-6 vc_col-sm-offset-0 vc_col-xs-12&#8243;][vc_column_text]Ihr Business Center im deutschen Wirtschaftszentrum D\u00fcsseldorf &#8211; an zwei zentralen Standorten mit renommierter Adresse und mit pers\u00f6nlichem Service B\u00fcro-, Seminar- und Konferenzr\u00e4ume schnell und flexibel Ihren Bed\u00fcrfnissen angepasst F\u00fcr Ihren Firmensitz, Ihre Firmenadresse, Repr\u00e4sentanz oder Ihr Messe-\/Projektb\u00fcro in erstklassiger zentraler und verkehrsg\u00fcnstiger Lage Als inhabergef\u00fchrtes Unternehmen k\u00f6nnen wir","og_url":"https:\/\/officedus.de\/de\/","og_site_name":"ABD","article_modified_time":"2022-05-04T11:27:00+00:00","twitter_card":"summary_large_image","twitter_misc":{"Gesch\u00e4tzte Lesezeit":"1\u00a0Minute"},"schema":{"@context":"https:\/\/schema.org","@graph":[{"@type":"WebPage","@id":"https:\/\/officedus.de\/de\/","url":"https:\/\/officedus.de\/de\/","name":"ABD Business Centers - 2x in D\u00fcsseldorf - ABD","isPartOf":{"@id":"https:\/\/officedus.de\/#website"},"datePublished":"2017-09-01T13:56:46+00:00","dateModified":"2022-05-04T11:27:00+00:00","breadcrumb":{"@id":"https:\/\/officedus.de\/de\/#breadcrumb"},"inLanguage":"de","potentialAction":[{"@type":"ReadAction","target":["https:\/\/officedus.de\/de\/"]}]},{"@type":"BreadcrumbList","@id":"https:\/\/officedus.de\/de\/#breadcrumb","itemListElement":[{"@type":"ListItem","position":1,"name":"Startseite","item":"https:\/\/officedus.de\/de\/"},{"@type":"ListItem","position":2,"name":"ABD Business Centers &#8211; 2x in D\u00fcsseldorf"}]},{"@type":"WebSite","@id":"https:\/\/officedus.de\/#website","url":"https:\/\/officedus.de\/","name":"ABD","description":"","potentialAction":[{"@type":"SearchAction","target":{"@type":"EntryPoint","urlTemplate":"https:\/\/officedus.de\/?s={search_term_string}"},"query-input":"required name=search_term_string"}],"inLanguage":"de"}]}},"_links":{"self":[{"href":"https:\/\/officedus.de\/de\/wp-json\/wp\/v2\/pages\/7"}],"collection":[{"href":"https:\/\/officedus.de\/de\/wp-json\/wp\/v2\/pages"}],"about":[{"href":"https:\/\/officedus.de\/de\/wp-json\/wp\/v2\/types\/page"}],"author":[{"embeddable":true,"href":"https:\/\/officedus.de\/de\/wp-json\/wp\/v2\/users\/1"}],"replies":[{"embeddable":true,"href":"https:\/\/officedus.de\/de\/wp-json\/wp\/v2\/comments?post=7"}],"version-history":[{"count":30,"href":"https:\/\/officedus.de\/de\/wp-json\/wp\/v2\/pages\/7\/revisions"}],"predecessor-version":[{"id":444,"href":"https:\/\/officedus.de\/de\/wp-json\/wp\/v2\/pages\/7\/revisions\/444"}],"wp:attachment":[{"href":"https:\/\/officedus.de\/de\/wp-json\/wp\/v2\/media?parent=7"}],"curies":[{"name":"wp","href":"https:\/\/api.w.org\/{rel}","templated":true}]}}