{"id":61,"date":"2017-09-01T16:47:01","date_gmt":"2017-09-01T14:47:01","guid":{"rendered":"http:\/\/a-b-d.de\/wp\/?page_id=61"},"modified":"2021-09-23T10:14:45","modified_gmt":"2021-09-23T08:14:45","slug":"abd","status":"publish","type":"page","link":"https:\/\/officedus.de\/de\/abd\/","title":{"rendered":"ABD"},"content":{"rendered":"<h1>ABD<\/h1>\n<h3>UNSER KONZEPT<\/h3>\n<p>Seit \u00fcber 30 Jahren setzen wir auf langj\u00e4hrige Kundenbeziehungen und Kontinuit\u00e4t in unserem kompetenten und zuvorkommenden Team. Deshalb liegt uns daran, etablierten Firmen, Einzelunternehmern, Startups und auch kurzfristigen Projekten kosteng\u00fcnstige und allumfassende Services zu bieten, damit unsere Kunden die Freiheit haben, sich auf ihr Gesch\u00e4ft zu konzentrieren \u2013 zu kalkulierbaren Fixkosten!<\/p>\n<h3>UNSERE KUNDEN<\/h3>\n<p>Unsere Kunden sind gr\u00f6\u00dftenteils internationale Unternehmen, die D\u00fcsseldorf aufgrund der wirtschaftlichen und geographischen Lage f\u00fcr ihr Deutschland- oder Europagesch\u00e4ft gew\u00e4hlt haben.<\/p>\n","protected":false},"excerpt":{"rendered":"<p>ABD UNSER KONZEPT Seit \u00fcber 30 Jahren setzen wir auf langj\u00e4hrige Kundenbeziehungen und Kontinuit\u00e4t in unserem kompetenten und zuvorkommenden Team. Deshalb liegt uns daran, etablierten Firmen, Einzelunternehmern, Startups und auch kurzfristigen Projekten kosteng\u00fcnstige und allumfassende Services zu bieten, damit unsere Kunden die Freiheit haben, sich auf ihr Gesch\u00e4ft zu konzentrieren \u2013 zu kalkulierbaren Fixkosten! UNSERE<\/p>\n","protected":false},"author":1,"featured_media":0,"parent":0,"menu_order":0,"comment_status":"closed","ping_status":"closed","template":"","meta":[],"acf":[],"yoast_head":"<!-- This site is optimized with the Yoast SEO plugin v19.10 - https:\/\/yoast.com\/wordpress\/plugins\/seo\/ -->\n<title>ABD - ABD<\/title>\n<meta name=\"robots\" content=\"index, follow, max-snippet:-1, max-image-preview:large, max-video-preview:-1\" \/>\n<link rel=\"canonical\" href=\"https:\/\/officedus.de\/de\/abd\/\" \/>\n<meta property=\"og:locale\" content=\"de_DE\" \/>\n<meta property=\"og:type\" content=\"article\" \/>\n<meta property=\"og:title\" content=\"ABD - ABD\" \/>\n<meta property=\"og:description\" content=\"ABD UNSER KONZEPT Seit \u00fcber 30 Jahren setzen wir auf langj\u00e4hrige Kundenbeziehungen und Kontinuit\u00e4t in unserem kompetenten und zuvorkommenden Team. Deshalb liegt uns daran, etablierten Firmen, Einzelunternehmern, Startups und auch kurzfristigen Projekten kosteng\u00fcnstige und allumfassende Services zu bieten, damit unsere Kunden die Freiheit haben, sich auf ihr Gesch\u00e4ft zu konzentrieren \u2013 zu kalkulierbaren Fixkosten! UNSERE\" \/>\n<meta property=\"og:url\" content=\"https:\/\/officedus.de\/de\/abd\/\" \/>\n<meta property=\"og:site_name\" content=\"ABD\" \/>\n<meta property=\"article:modified_time\" content=\"2021-09-23T08:14:45+00:00\" \/>\n<meta name=\"twitter:card\" content=\"summary_large_image\" \/>\n<meta name=\"twitter:label1\" content=\"Gesch\u00e4tzte Lesezeit\" \/>\n\t<meta name=\"twitter:data1\" content=\"1\u00a0Minute\" \/>\n<script type=\"application\/ld+json\" class=\"yoast-schema-graph\">{\"@context\":\"https:\/\/schema.org\",\"@graph\":[{\"@type\":\"WebPage\",\"@id\":\"https:\/\/officedus.de\/de\/abd\/\",\"url\":\"https:\/\/officedus.de\/de\/abd\/\",\"name\":\"ABD - ABD\",\"isPartOf\":{\"@id\":\"https:\/\/officedus.de\/#website\"},\"datePublished\":\"2017-09-01T14:47:01+00:00\",\"dateModified\":\"2021-09-23T08:14:45+00:00\",\"breadcrumb\":{\"@id\":\"https:\/\/officedus.de\/de\/abd\/#breadcrumb\"},\"inLanguage\":\"de\",\"potentialAction\":[{\"@type\":\"ReadAction\",\"target\":[\"https:\/\/officedus.de\/de\/abd\/\"]}]},{\"@type\":\"BreadcrumbList\",\"@id\":\"https:\/\/officedus.de\/de\/abd\/#breadcrumb\",\"itemListElement\":[{\"@type\":\"ListItem\",\"position\":1,\"name\":\"Startseite\",\"item\":\"https:\/\/officedus.de\/de\/\"},{\"@type\":\"ListItem\",\"position\":2,\"name\":\"ABD\"}]},{\"@type\":\"WebSite\",\"@id\":\"https:\/\/officedus.de\/#website\",\"url\":\"https:\/\/officedus.de\/\",\"name\":\"ABD\",\"description\":\"\",\"potentialAction\":[{\"@type\":\"SearchAction\",\"target\":{\"@type\":\"EntryPoint\",\"urlTemplate\":\"https:\/\/officedus.de\/?s={search_term_string}\"},\"query-input\":\"required name=search_term_string\"}],\"inLanguage\":\"de\"}]}<\/script>\n<!-- \/ Yoast SEO plugin. -->","yoast_head_json":{"title":"ABD - ABD","robots":{"index":"index","follow":"follow","max-snippet":"max-snippet:-1","max-image-preview":"max-image-preview:large","max-video-preview":"max-video-preview:-1"},"canonical":"https:\/\/officedus.de\/de\/abd\/","og_locale":"de_DE","og_type":"article","og_title":"ABD - ABD","og_description":"ABD UNSER KONZEPT Seit \u00fcber 30 Jahren setzen wir auf langj\u00e4hrige Kundenbeziehungen und Kontinuit\u00e4t in unserem kompetenten und zuvorkommenden Team. Deshalb liegt uns daran, etablierten Firmen, Einzelunternehmern, Startups und auch kurzfristigen Projekten kosteng\u00fcnstige und allumfassende Services zu bieten, damit unsere Kunden die Freiheit haben, sich auf ihr Gesch\u00e4ft zu konzentrieren \u2013 zu kalkulierbaren Fixkosten! UNSERE","og_url":"https:\/\/officedus.de\/de\/abd\/","og_site_name":"ABD","article_modified_time":"2021-09-23T08:14:45+00:00","twitter_card":"summary_large_image","twitter_misc":{"Gesch\u00e4tzte Lesezeit":"1\u00a0Minute"},"schema":{"@context":"https:\/\/schema.org","@graph":[{"@type":"WebPage","@id":"https:\/\/officedus.de\/de\/abd\/","url":"https:\/\/officedus.de\/de\/abd\/","name":"ABD - ABD","isPartOf":{"@id":"https:\/\/officedus.de\/#website"},"datePublished":"2017-09-01T14:47:01+00:00","dateModified":"2021-09-23T08:14:45+00:00","breadcrumb":{"@id":"https:\/\/officedus.de\/de\/abd\/#breadcrumb"},"inLanguage":"de","potentialAction":[{"@type":"ReadAction","target":["https:\/\/officedus.de\/de\/abd\/"]}]},{"@type":"BreadcrumbList","@id":"https:\/\/officedus.de\/de\/abd\/#breadcrumb","itemListElement":[{"@type":"ListItem","position":1,"name":"Startseite","item":"https:\/\/officedus.de\/de\/"},{"@type":"ListItem","position":2,"name":"ABD"}]},{"@type":"WebSite","@id":"https:\/\/officedus.de\/#website","url":"https:\/\/officedus.de\/","name":"ABD","description":"","potentialAction":[{"@type":"SearchAction","target":{"@type":"EntryPoint","urlTemplate":"https:\/\/officedus.de\/?s={search_term_string}"},"query-input":"required name=search_term_string"}],"inLanguage":"de"}]}},"_links":{"self":[{"href":"https:\/\/officedus.de\/de\/wp-json\/wp\/v2\/pages\/61"}],"collection":[{"href":"https:\/\/officedus.de\/de\/wp-json\/wp\/v2\/pages"}],"about":[{"href":"https:\/\/officedus.de\/de\/wp-json\/wp\/v2\/types\/page"}],"author":[{"embeddable":true,"href":"https:\/\/officedus.de\/de\/wp-json\/wp\/v2\/users\/1"}],"replies":[{"embeddable":true,"href":"https:\/\/officedus.de\/de\/wp-json\/wp\/v2\/comments?post=61"}],"version-history":[{"count":5,"href":"https:\/\/officedus.de\/de\/wp-json\/wp\/v2\/pages\/61\/revisions"}],"predecessor-version":[{"id":1157,"href":"https:\/\/officedus.de\/de\/wp-json\/wp\/v2\/pages\/61\/revisions\/1157"}],"wp:attachment":[{"href":"https:\/\/officedus.de\/de\/wp-json\/wp\/v2\/media?parent=61"}],"curies":[{"name":"wp","href":"https:\/\/api.w.org\/{rel}","templated":true}]}}