{"id":56,"date":"2017-09-01T16:44:25","date_gmt":"2017-09-01T14:44:25","guid":{"rendered":"http:\/\/a-b-d.de\/wp\/?page_id=56"},"modified":"2021-09-23T10:58:22","modified_gmt":"2021-09-23T08:58:22","slug":"virtuelles-buero","status":"publish","type":"page","link":"https:\/\/officedus.de\/de\/raeumlichkeiten\/virtuelles-buero\/","title":{"rendered":"Virtuelles B\u00fcro"},"content":{"rendered":"<h1>Virtuelles B\u00fcro<\/h1>\n<p>Ihr Unternehmen erh\u00e4lt von uns eine hervorragende D\u00fcsseldorfer Gesch\u00e4ftsadresse. Selbstvert\u00e4ndlich bieten wir Ihnen den kompletten Postempfangs- und Versandservice. Ihnen stehen moderne, vollst\u00e4ndig eingerichtete B\u00fcro-, Besprechungs- und Konferenzr\u00e4ume zur Verf\u00fcgung, f\u00fcr deren Nutzung Sie nur zahlen, wenn Sie sie tats\u00e4chlich in Anspruch nehmen.<\/p>\n<p>Wir beantworten auf Wunsch Ihre Telefonate in Ihrem Namen, auf Wunsch auch mehrsprachig, stellen Sie von jedem Ort der Welt direkt an Sie oder Ihre Voice-Mail durch und leiten Ihre Post und Faxe an Sie weiter. So sind Sie virtuell an einer der besten Adressen D\u00fcsseldorfs vertreten, ohne st\u00e4ndig pers\u00f6nlich vor Ort zu sein.<\/p>\n<p><a href=\"https:\/\/officedus.de\/kontakt\/\" class=\"btn-default btn\">Kontaktieren Sie uns<\/a><\/p>\n<p>und erfahren Sie mehr \u00fcber diesen Service!<\/p>\n","protected":false},"excerpt":{"rendered":"<p>Virtuelles B\u00fcro Ihr Unternehmen erh\u00e4lt von uns eine hervorragende D\u00fcsseldorfer Gesch\u00e4ftsadresse. Selbstvert\u00e4ndlich bieten wir Ihnen den kompletten Postempfangs- und Versandservice. Ihnen stehen moderne, vollst\u00e4ndig eingerichtete B\u00fcro-, Besprechungs- und Konferenzr\u00e4ume zur Verf\u00fcgung, f\u00fcr deren Nutzung Sie nur zahlen, wenn Sie sie tats\u00e4chlich in Anspruch nehmen. Wir beantworten auf Wunsch Ihre Telefonate in Ihrem Namen, auf Wunsch<\/p>\n","protected":false},"author":1,"featured_media":0,"parent":32,"menu_order":0,"comment_status":"closed","ping_status":"closed","template":"","meta":[],"acf":[],"yoast_head":"<!-- This site is optimized with the Yoast SEO plugin v19.10 - https:\/\/yoast.com\/wordpress\/plugins\/seo\/ -->\n<title>Virtuelles B\u00fcro - ABD<\/title>\n<meta name=\"robots\" content=\"index, follow, max-snippet:-1, max-image-preview:large, max-video-preview:-1\" \/>\n<link rel=\"canonical\" href=\"https:\/\/officedus.de\/de\/raeumlichkeiten\/virtuelles-buero\/\" \/>\n<meta property=\"og:locale\" content=\"de_DE\" \/>\n<meta property=\"og:type\" content=\"article\" \/>\n<meta property=\"og:title\" content=\"Virtuelles B\u00fcro - ABD\" \/>\n<meta property=\"og:description\" content=\"Virtuelles B\u00fcro Ihr Unternehmen erh\u00e4lt von uns eine hervorragende D\u00fcsseldorfer Gesch\u00e4ftsadresse. Selbstvert\u00e4ndlich bieten wir Ihnen den kompletten Postempfangs- und Versandservice. Ihnen stehen moderne, vollst\u00e4ndig eingerichtete B\u00fcro-, Besprechungs- und Konferenzr\u00e4ume zur Verf\u00fcgung, f\u00fcr deren Nutzung Sie nur zahlen, wenn Sie sie tats\u00e4chlich in Anspruch nehmen. Wir beantworten auf Wunsch Ihre Telefonate in Ihrem Namen, auf Wunsch\" \/>\n<meta property=\"og:url\" content=\"https:\/\/officedus.de\/de\/raeumlichkeiten\/virtuelles-buero\/\" \/>\n<meta property=\"og:site_name\" content=\"ABD\" \/>\n<meta property=\"article:modified_time\" content=\"2021-09-23T08:58:22+00:00\" \/>\n<meta name=\"twitter:card\" content=\"summary_large_image\" \/>\n<meta name=\"twitter:label1\" content=\"Gesch\u00e4tzte Lesezeit\" \/>\n\t<meta name=\"twitter:data1\" content=\"1\u00a0Minute\" \/>\n<script type=\"application\/ld+json\" class=\"yoast-schema-graph\">{\"@context\":\"https:\/\/schema.org\",\"@graph\":[{\"@type\":\"WebPage\",\"@id\":\"https:\/\/officedus.de\/de\/raeumlichkeiten\/virtuelles-buero\/\",\"url\":\"https:\/\/officedus.de\/de\/raeumlichkeiten\/virtuelles-buero\/\",\"name\":\"Virtuelles B\u00fcro - ABD\",\"isPartOf\":{\"@id\":\"https:\/\/officedus.de\/#website\"},\"datePublished\":\"2017-09-01T14:44:25+00:00\",\"dateModified\":\"2021-09-23T08:58:22+00:00\",\"breadcrumb\":{\"@id\":\"https:\/\/officedus.de\/de\/raeumlichkeiten\/virtuelles-buero\/#breadcrumb\"},\"inLanguage\":\"de\",\"potentialAction\":[{\"@type\":\"ReadAction\",\"target\":[\"https:\/\/officedus.de\/de\/raeumlichkeiten\/virtuelles-buero\/\"]}]},{\"@type\":\"BreadcrumbList\",\"@id\":\"https:\/\/officedus.de\/de\/raeumlichkeiten\/virtuelles-buero\/#breadcrumb\",\"itemListElement\":[{\"@type\":\"ListItem\",\"position\":1,\"name\":\"Startseite\",\"item\":\"https:\/\/officedus.de\/de\/\"},{\"@type\":\"ListItem\",\"position\":2,\"name\":\"Offices und Business\",\"item\":\"https:\/\/officedus.de\/de\/raeumlichkeiten\/\"},{\"@type\":\"ListItem\",\"position\":3,\"name\":\"Virtuelles B\u00fcro\"}]},{\"@type\":\"WebSite\",\"@id\":\"https:\/\/officedus.de\/#website\",\"url\":\"https:\/\/officedus.de\/\",\"name\":\"ABD\",\"description\":\"\",\"potentialAction\":[{\"@type\":\"SearchAction\",\"target\":{\"@type\":\"EntryPoint\",\"urlTemplate\":\"https:\/\/officedus.de\/?s={search_term_string}\"},\"query-input\":\"required name=search_term_string\"}],\"inLanguage\":\"de\"}]}<\/script>\n<!-- \/ Yoast SEO plugin. -->","yoast_head_json":{"title":"Virtuelles B\u00fcro - ABD","robots":{"index":"index","follow":"follow","max-snippet":"max-snippet:-1","max-image-preview":"max-image-preview:large","max-video-preview":"max-video-preview:-1"},"canonical":"https:\/\/officedus.de\/de\/raeumlichkeiten\/virtuelles-buero\/","og_locale":"de_DE","og_type":"article","og_title":"Virtuelles B\u00fcro - ABD","og_description":"Virtuelles B\u00fcro Ihr Unternehmen erh\u00e4lt von uns eine hervorragende D\u00fcsseldorfer Gesch\u00e4ftsadresse. Selbstvert\u00e4ndlich bieten wir Ihnen den kompletten Postempfangs- und Versandservice. Ihnen stehen moderne, vollst\u00e4ndig eingerichtete B\u00fcro-, Besprechungs- und Konferenzr\u00e4ume zur Verf\u00fcgung, f\u00fcr deren Nutzung Sie nur zahlen, wenn Sie sie tats\u00e4chlich in Anspruch nehmen. Wir beantworten auf Wunsch Ihre Telefonate in Ihrem Namen, auf Wunsch","og_url":"https:\/\/officedus.de\/de\/raeumlichkeiten\/virtuelles-buero\/","og_site_name":"ABD","article_modified_time":"2021-09-23T08:58:22+00:00","twitter_card":"summary_large_image","twitter_misc":{"Gesch\u00e4tzte Lesezeit":"1\u00a0Minute"},"schema":{"@context":"https:\/\/schema.org","@graph":[{"@type":"WebPage","@id":"https:\/\/officedus.de\/de\/raeumlichkeiten\/virtuelles-buero\/","url":"https:\/\/officedus.de\/de\/raeumlichkeiten\/virtuelles-buero\/","name":"Virtuelles B\u00fcro - ABD","isPartOf":{"@id":"https:\/\/officedus.de\/#website"},"datePublished":"2017-09-01T14:44:25+00:00","dateModified":"2021-09-23T08:58:22+00:00","breadcrumb":{"@id":"https:\/\/officedus.de\/de\/raeumlichkeiten\/virtuelles-buero\/#breadcrumb"},"inLanguage":"de","potentialAction":[{"@type":"ReadAction","target":["https:\/\/officedus.de\/de\/raeumlichkeiten\/virtuelles-buero\/"]}]},{"@type":"BreadcrumbList","@id":"https:\/\/officedus.de\/de\/raeumlichkeiten\/virtuelles-buero\/#breadcrumb","itemListElement":[{"@type":"ListItem","position":1,"name":"Startseite","item":"https:\/\/officedus.de\/de\/"},{"@type":"ListItem","position":2,"name":"Offices und Business","item":"https:\/\/officedus.de\/de\/raeumlichkeiten\/"},{"@type":"ListItem","position":3,"name":"Virtuelles B\u00fcro"}]},{"@type":"WebSite","@id":"https:\/\/officedus.de\/#website","url":"https:\/\/officedus.de\/","name":"ABD","description":"","potentialAction":[{"@type":"SearchAction","target":{"@type":"EntryPoint","urlTemplate":"https:\/\/officedus.de\/?s={search_term_string}"},"query-input":"required name=search_term_string"}],"inLanguage":"de"}]}},"_links":{"self":[{"href":"https:\/\/officedus.de\/de\/wp-json\/wp\/v2\/pages\/56"}],"collection":[{"href":"https:\/\/officedus.de\/de\/wp-json\/wp\/v2\/pages"}],"about":[{"href":"https:\/\/officedus.de\/de\/wp-json\/wp\/v2\/types\/page"}],"author":[{"embeddable":true,"href":"https:\/\/officedus.de\/de\/wp-json\/wp\/v2\/users\/1"}],"replies":[{"embeddable":true,"href":"https:\/\/officedus.de\/de\/wp-json\/wp\/v2\/comments?post=56"}],"version-history":[{"count":9,"href":"https:\/\/officedus.de\/de\/wp-json\/wp\/v2\/pages\/56\/revisions"}],"predecessor-version":[{"id":1182,"href":"https:\/\/officedus.de\/de\/wp-json\/wp\/v2\/pages\/56\/revisions\/1182"}],"up":[{"embeddable":true,"href":"https:\/\/officedus.de\/de\/wp-json\/wp\/v2\/pages\/32"}],"wp:attachment":[{"href":"https:\/\/officedus.de\/de\/wp-json\/wp\/v2\/media?parent=56"}],"curies":[{"name":"wp","href":"https:\/\/api.w.org\/{rel}","templated":true}]}}