{"id":39,"date":"2017-09-01T16:41:02","date_gmt":"2017-09-01T14:41:02","guid":{"rendered":"http:\/\/a-b-d.de\/wp\/?page_id=39"},"modified":"2021-09-23T14:09:23","modified_gmt":"2021-09-23T12:09:23","slug":"kontakt","status":"publish","type":"page","link":"https:\/\/officedus.de\/de\/kontakt\/","title":{"rendered":"Kontakt"},"content":{"rendered":"<p>[vc_row][vc_column width=&#8220;1\/2&#8243;][vc_column_text]<strong>ABD Business Center GmbH &amp; Co. KG<\/strong><\/p>\n<p>Oststra\u00dfe 54<br \/>\nD-40211 D\u00fcsseldorf[\/vc_column_text][\/vc_column][vc_column width=&#8220;1\/2&#8243;][vc_column_text]Fon +49 (0)211 9 35 00<br \/>\nFax +49 (0)211 9 35 01 50<br \/>\neMail: service@officedus.de<br \/>\nwww.officedus.de[\/vc_column_text][\/vc_column][\/vc_row][vc_row][vc_column][vc_column_text]<\/p>\n<h3>Ihre Anfrage<\/h3>\n<p>[\/vc_column_text]<div role=\"form\" class=\"wpcf7\" id=\"wpcf7-f293-o1\" lang=\"de-DE\" dir=\"ltr\">\n<div class=\"screen-reader-response\"><p role=\"status\" aria-live=\"polite\" aria-atomic=\"true\"><\/p> <ul><\/ul><\/div>\n<form action=\"\/de\/wp-json\/wp\/v2\/pages\/39#wpcf7-f293-o1\" method=\"post\" class=\"wpcf7-form init\" novalidate=\"novalidate\" data-status=\"init\">\n<div style=\"display: none;\">\n<input type=\"hidden\" name=\"_wpcf7\" value=\"293\" \/>\n<input type=\"hidden\" name=\"_wpcf7_version\" value=\"5.6.4\" \/>\n<input type=\"hidden\" name=\"_wpcf7_locale\" value=\"de_DE\" \/>\n<input type=\"hidden\" name=\"_wpcf7_unit_tag\" value=\"wpcf7-f293-o1\" \/>\n<input type=\"hidden\" name=\"_wpcf7_container_post\" value=\"0\" \/>\n<input type=\"hidden\" name=\"_wpcf7_posted_data_hash\" value=\"\" \/>\n<input type=\"hidden\" name=\"_wpcf7cf_hidden_group_fields\" value=\"[]\" \/>\n<input type=\"hidden\" name=\"_wpcf7cf_hidden_groups\" value=\"[]\" \/>\n<input type=\"hidden\" name=\"_wpcf7cf_visible_groups\" value=\"[]\" \/>\n<input type=\"hidden\" name=\"_wpcf7cf_repeaters\" value=\"[]\" \/>\n<input type=\"hidden\" name=\"_wpcf7cf_steps\" value=\"{}\" \/>\n<input type=\"hidden\" name=\"_wpcf7cf_options\" value=\"{&quot;form_id&quot;:293,&quot;conditions&quot;:[],&quot;settings&quot;:{&quot;animation&quot;:&quot;yes&quot;,&quot;animation_intime&quot;:200,&quot;animation_outtime&quot;:200,&quot;conditions_ui&quot;:&quot;normal&quot;,&quot;notice_dismissed&quot;:false}}\" \/>\n<\/div>\n<div class=\"row\">\n    <div class=\"col-12\">\n        <label>Ihre Kontaktdaten<\/label>\n    <\/div>\n\n    <div class=\"col-12 col-lg-6\">\n        <div class=\"form-group\"><label>Firma<\/label>\n            <span class=\"wpcf7-form-control-wrap\" data-name=\"Firma\"><input type=\"text\" name=\"Firma\" value=\"\" size=\"40\" class=\"wpcf7-form-control wpcf7-text form-control\" aria-invalid=\"false\" \/><\/span>\n        <\/div>\n    <\/div>\n    <div class=\"col-12 col-lg-6\">\n        <div class=\"form-group\"><label>Branche<\/label>\n            <span class=\"wpcf7-form-control-wrap\" data-name=\"Branche\"><input type=\"text\" name=\"Branche\" value=\"\" size=\"40\" class=\"wpcf7-form-control wpcf7-text form-control\" aria-invalid=\"false\" \/><\/span>\n        <\/div>\n    <\/div>\n    <div class=\"col-12 col-lg-6\">\n        <div class=\"form-group\"><label>Name*<\/label>\n            <span class=\"wpcf7-form-control-wrap\" data-name=\"Name\"><input type=\"text\" name=\"Name\" value=\"\" size=\"40\" class=\"wpcf7-form-control wpcf7-text wpcf7-validates-as-required form-control\" aria-required=\"true\" aria-invalid=\"false\" \/><\/span>\n        <\/div>\n    <\/div>\n    <div class=\"col-12 col-lg-6\">\n        <div class=\"form-group\"><label>Firmenname*<\/label>\n            <span class=\"wpcf7-form-control-wrap\" data-name=\"company\"><input type=\"text\" name=\"company\" value=\"\" size=\"40\" class=\"wpcf7-form-control wpcf7-text wpcf7-validates-as-required form-control\" aria-required=\"true\" aria-invalid=\"false\" \/><\/span>\n        <\/div>\n    <\/div>\n    <div class=\"col-12 col-lg-6\">\n        <div class=\"form-group\"><label>E-Mail*<\/label>\n            <span class=\"wpcf7-form-control-wrap\" data-name=\"E-Mail\"><input type=\"email\" name=\"E-Mail\" value=\"\" size=\"40\" class=\"wpcf7-form-control wpcf7-text wpcf7-email wpcf7-validates-as-required wpcf7-validates-as-email form-control\" aria-required=\"true\" aria-invalid=\"false\" \/><\/span>\n        <\/div>\n    <\/div>\n    <div class=\"col-12 col-lg-6\">\n        <div class=\"form-group\"><label>Telefon*<\/label>\n            <span class=\"wpcf7-form-control-wrap\" data-name=\"Telefon\"><input type=\"tel\" name=\"Telefon\" value=\"\" size=\"40\" class=\"wpcf7-form-control wpcf7-text wpcf7-tel wpcf7-validates-as-required wpcf7-validates-as-tel form-control\" aria-required=\"true\" aria-invalid=\"false\" \/><\/span>\n        <\/div>\n    <\/div>\n    <div class=\"col-12 col-lg-6\">\n        <div class=\"form-group\"><label>Stra\u00dfe<\/label>\n            <span class=\"wpcf7-form-control-wrap\" data-name=\"Strasse\"><input type=\"text\" name=\"Strasse\" value=\"\" size=\"40\" class=\"wpcf7-form-control wpcf7-text form-control\" aria-invalid=\"false\" \/><\/span>\n        <\/div>\n    <\/div>\n    <div class=\"col-12 col-lg-6\">\n        <div class=\"form-row\">\n            <div class=\"col-12 col-sm-6 col-lg-4\">\n                <div class=\"form-group\"><label>PLZ<\/label>\n                    <span class=\"wpcf7-form-control-wrap\" data-name=\"PLZ\"><input type=\"text\" name=\"PLZ\" value=\"\" size=\"40\" class=\"wpcf7-form-control wpcf7-text form-control\" aria-invalid=\"false\" \/><\/span>\n                <\/div>\n            <\/div>\n            <div class=\"col-12 col-sm-6 col-lg-8\">\n                <div class=\"form-group\"><label>Ort<\/label>\n                    <span class=\"wpcf7-form-control-wrap\" data-name=\"PLZ\"><input type=\"text\" name=\"PLZ\" value=\"\" size=\"40\" class=\"wpcf7-form-control wpcf7-text form-control\" aria-invalid=\"false\" \/><\/span>\n                <\/div>\n            <\/div>\n        <\/div>\n    <\/div>\n    <div class=\"col-12 col-lg-6 gap\">\n        <div class=\"form-group\"><label>Land<\/label>\n            <span class=\"wpcf7-form-control-wrap\" data-name=\"Land\"><input type=\"text\" name=\"Land\" value=\"\" size=\"40\" class=\"wpcf7-form-control wpcf7-text form-control\" aria-invalid=\"false\" \/><\/span>\n        <\/div>\n    <\/div>\n\n    <div class=\"col-12\">\n        <label>Ihre Anfrage<\/label>\n    <\/div>\n    <div class=\"col-12 gap\">\n        <span class=\"wpcf7-form-control-wrap\" data-name=\"checkbox-394\"><span class=\"wpcf7-form-control wpcf7-checkbox\"><span class=\"wpcf7-list-item first\"><label><input type=\"checkbox\" name=\"checkbox-394[]\" value=\"m\u00f6bliertes B\u00fcro\" \/><span class=\"wpcf7-list-item-label\">m\u00f6bliertes B\u00fcro<\/span><\/label><\/span><span class=\"wpcf7-list-item\"><label><input type=\"checkbox\" name=\"checkbox-394[]\" value=\"Tagesb\u00fcro\" \/><span class=\"wpcf7-list-item-label\">Tagesb\u00fcro<\/span><\/label><\/span><span class=\"wpcf7-list-item\"><label><input type=\"checkbox\" name=\"checkbox-394[]\" value=\"Meeting Room\" \/><span class=\"wpcf7-list-item-label\">Meeting Room<\/span><\/label><\/span><span class=\"wpcf7-list-item last\"><label><input type=\"checkbox\" name=\"checkbox-394[]\" value=\"Virtuelles B\u00fcro\" \/><span class=\"wpcf7-list-item-label\">Virtuelles B\u00fcro<\/span><\/label><\/span><\/span><\/span>\n    <\/div>\n\n    <div class=\"col-12 gap\">\n        <div class=\"form-group\"><label>Wieviele Arbeitspl\u00e4tze \/ Meetingteilnehmer?<\/label>\n            <span class=\"wpcf7-form-control-wrap\" data-name=\"anzahl\"><input type=\"text\" name=\"anzahl\" value=\"\" size=\"40\" class=\"wpcf7-form-control wpcf7-text form-control\" aria-invalid=\"false\" \/><\/span>\n        <\/div>\n    <\/div>\n\n    <div class=\"col-12\">\n        <div class=\"form-group\"><label>Ihr Anliegen.<\/label>\n            <span class=\"wpcf7-form-control-wrap\" data-name=\"Anliegen\"><textarea name=\"Anliegen\" cols=\"40\" rows=\"10\" class=\"wpcf7-form-control wpcf7-textarea form-control\" aria-invalid=\"false\"><\/textarea><\/span>\n        <\/div>\n    <\/div>\n <div class=\"col-12 small\">\n<span id=\"wpcf7-69d1920ea343b-wrapper\" class=\"wpcf7-form-control-wrap honeypot-880-wrap\" style=\"display:none !important; visibility:hidden !important;\"><label for=\"wpcf7-69d1920ea343b-field\" class=\"hp-message\">Bitte lasse dieses Feld leer.<\/label><input id=\"wpcf7-69d1920ea343b-field\"  placeholder=\"the-message\"  class=\"wpcf7-form-control wpcf7-text form-control\" type=\"text\" name=\"honeypot-880\" value=\"\" size=\"40\" tabindex=\"-1\" autocomplete=\"new-password\" \/><\/span>\n    <\/div>\n    <div class=\"col-12 small\">\n        <span class=\"wpcf7-form-control-wrap\" data-name=\"checkbox-2842831789\"><span class=\"wpcf7-form-control wpcf7-checkbox wpcf7-validates-as-required\"><span class=\"wpcf7-list-item first last\"><label><input type=\"checkbox\" name=\"checkbox-2842831789[]\" value=\"Ich best\u00e4tige die Speicherung und Verarbeitung meiner Daten zum Zweck der Kontaktaufnahme und Gesch\u00e4ftsanbahnung *\" \/><span class=\"wpcf7-list-item-label\">Ich best\u00e4tige die Speicherung und Verarbeitung meiner Daten zum Zweck der Kontaktaufnahme und Gesch\u00e4ftsanbahnung *<\/span><\/label><\/span><\/span><\/span>\n    <\/div>\n\n    <div class=\"col-12 gap small\">\n        * Wir verarbeiten und speichern Ihre Daten ausschlie\u00dflich zum Zweck der Kontaktaufnahme und Gesch\u00e4ftsanbahnung. Wir geben Ihre Daten nicht weiter. Sie k\u00f6nnen der Speicherung Ihrer personenbezogenen Daten jederzeit per E-Mail an <a href=\"mailto:info@a-b-d.de\"  style=\"text-decoration:underline\">info@a-b-d.de<\/a> widersprechen. In diesem Fall werden wir die zu Ihnen gespeicherten Daten umgehend fristgerecht l\u00f6schen sofern keine gesetzlichen Aufbewahrungsfristen einzuhalten sind. Weitere Informationen auch etwa \u00fcber weitere Rechte, die Ihnen zum Schutz Ihrer Daten zustehen, finden Sie in unseren <a style=\"text-decoration:underline\" href=\"\/datenschutzerklaerung\/\">Datenschutzhinweisen<\/a>.\n    <\/div>\n\n    <div class=\"col-12 col-lg-6 small\">\n        *Pflichtfelder\n    <\/div>\n    <div class=\"col-12 col-lg-6\">\n        <input type=\"submit\" value=\"Absenden\" class=\"wpcf7-form-control has-spinner wpcf7-submit btn btn-default btn-block\" \/>\n    <\/div>\n<\/div><div class=\"wpcf7-response-output\" aria-hidden=\"true\"><\/div><\/form><\/div>[\/vc_column][\/vc_row]<\/p>\n","protected":false},"excerpt":{"rendered":"<p>[vc_row][vc_column width=&#8220;1\/2&#8243;][vc_column_text]ABD Business Center GmbH &amp; Co. KG Oststra\u00dfe 54 D-40211 D\u00fcsseldorf[\/vc_column_text][\/vc_column][vc_column width=&#8220;1\/2&#8243;][vc_column_text]Fon +49 (0)211 9 35 00 Fax +49 (0)211 9 35 01 50 eMail: service@officedus.de www.officedus.de[\/vc_column_text][\/vc_column][\/vc_row][vc_row][vc_column][vc_column_text] Ihre Anfrage [\/vc_column_text][\/vc_column][\/vc_row]<\/p>\n","protected":false},"author":1,"featured_media":0,"parent":0,"menu_order":0,"comment_status":"closed","ping_status":"closed","template":"","meta":[],"acf":[],"yoast_head":"<!-- This site is optimized with the Yoast SEO plugin v19.10 - https:\/\/yoast.com\/wordpress\/plugins\/seo\/ -->\n<title>Kontakt - ABD<\/title>\n<meta name=\"robots\" content=\"index, follow, max-snippet:-1, max-image-preview:large, max-video-preview:-1\" \/>\n<link rel=\"canonical\" href=\"https:\/\/officedus.de\/de\/kontakt\/\" \/>\n<meta property=\"og:locale\" content=\"de_DE\" \/>\n<meta property=\"og:type\" content=\"article\" \/>\n<meta property=\"og:title\" content=\"Kontakt - ABD\" \/>\n<meta property=\"og:description\" content=\"[vc_row][vc_column width=&#8220;1\/2&#8243;][vc_column_text]ABD Business Center GmbH &amp; Co. KG Oststra\u00dfe 54 D-40211 D\u00fcsseldorf[\/vc_column_text][\/vc_column][vc_column width=&#8220;1\/2&#8243;][vc_column_text]Fon +49 (0)211 9 35 00 Fax +49 (0)211 9 35 01 50 eMail: service@officedus.de www.officedus.de[\/vc_column_text][\/vc_column][\/vc_row][vc_row][vc_column][vc_column_text] Ihre Anfrage [\/vc_column_text][\/vc_column][\/vc_row]\" \/>\n<meta property=\"og:url\" content=\"https:\/\/officedus.de\/de\/kontakt\/\" \/>\n<meta property=\"og:site_name\" content=\"ABD\" \/>\n<meta property=\"article:modified_time\" content=\"2021-09-23T12:09:23+00:00\" \/>\n<meta name=\"twitter:card\" content=\"summary_large_image\" \/>\n<meta name=\"twitter:label1\" content=\"Gesch\u00e4tzte Lesezeit\" \/>\n\t<meta name=\"twitter:data1\" content=\"1\u00a0Minute\" \/>\n<script type=\"application\/ld+json\" class=\"yoast-schema-graph\">{\"@context\":\"https:\/\/schema.org\",\"@graph\":[{\"@type\":\"WebPage\",\"@id\":\"https:\/\/officedus.de\/de\/kontakt\/\",\"url\":\"https:\/\/officedus.de\/de\/kontakt\/\",\"name\":\"Kontakt - ABD\",\"isPartOf\":{\"@id\":\"https:\/\/officedus.de\/#website\"},\"datePublished\":\"2017-09-01T14:41:02+00:00\",\"dateModified\":\"2021-09-23T12:09:23+00:00\",\"breadcrumb\":{\"@id\":\"https:\/\/officedus.de\/de\/kontakt\/#breadcrumb\"},\"inLanguage\":\"de\",\"potentialAction\":[{\"@type\":\"ReadAction\",\"target\":[\"https:\/\/officedus.de\/de\/kontakt\/\"]}]},{\"@type\":\"BreadcrumbList\",\"@id\":\"https:\/\/officedus.de\/de\/kontakt\/#breadcrumb\",\"itemListElement\":[{\"@type\":\"ListItem\",\"position\":1,\"name\":\"Startseite\",\"item\":\"https:\/\/officedus.de\/de\/\"},{\"@type\":\"ListItem\",\"position\":2,\"name\":\"Kontakt\"}]},{\"@type\":\"WebSite\",\"@id\":\"https:\/\/officedus.de\/#website\",\"url\":\"https:\/\/officedus.de\/\",\"name\":\"ABD\",\"description\":\"\",\"potentialAction\":[{\"@type\":\"SearchAction\",\"target\":{\"@type\":\"EntryPoint\",\"urlTemplate\":\"https:\/\/officedus.de\/?s={search_term_string}\"},\"query-input\":\"required name=search_term_string\"}],\"inLanguage\":\"de\"}]}<\/script>\n<!-- \/ Yoast SEO plugin. -->","yoast_head_json":{"title":"Kontakt - ABD","robots":{"index":"index","follow":"follow","max-snippet":"max-snippet:-1","max-image-preview":"max-image-preview:large","max-video-preview":"max-video-preview:-1"},"canonical":"https:\/\/officedus.de\/de\/kontakt\/","og_locale":"de_DE","og_type":"article","og_title":"Kontakt - ABD","og_description":"[vc_row][vc_column width=&#8220;1\/2&#8243;][vc_column_text]ABD Business Center GmbH &amp; Co. KG Oststra\u00dfe 54 D-40211 D\u00fcsseldorf[\/vc_column_text][\/vc_column][vc_column width=&#8220;1\/2&#8243;][vc_column_text]Fon +49 (0)211 9 35 00 Fax +49 (0)211 9 35 01 50 eMail: service@officedus.de www.officedus.de[\/vc_column_text][\/vc_column][\/vc_row][vc_row][vc_column][vc_column_text] Ihre Anfrage [\/vc_column_text][\/vc_column][\/vc_row]","og_url":"https:\/\/officedus.de\/de\/kontakt\/","og_site_name":"ABD","article_modified_time":"2021-09-23T12:09:23+00:00","twitter_card":"summary_large_image","twitter_misc":{"Gesch\u00e4tzte Lesezeit":"1\u00a0Minute"},"schema":{"@context":"https:\/\/schema.org","@graph":[{"@type":"WebPage","@id":"https:\/\/officedus.de\/de\/kontakt\/","url":"https:\/\/officedus.de\/de\/kontakt\/","name":"Kontakt - ABD","isPartOf":{"@id":"https:\/\/officedus.de\/#website"},"datePublished":"2017-09-01T14:41:02+00:00","dateModified":"2021-09-23T12:09:23+00:00","breadcrumb":{"@id":"https:\/\/officedus.de\/de\/kontakt\/#breadcrumb"},"inLanguage":"de","potentialAction":[{"@type":"ReadAction","target":["https:\/\/officedus.de\/de\/kontakt\/"]}]},{"@type":"BreadcrumbList","@id":"https:\/\/officedus.de\/de\/kontakt\/#breadcrumb","itemListElement":[{"@type":"ListItem","position":1,"name":"Startseite","item":"https:\/\/officedus.de\/de\/"},{"@type":"ListItem","position":2,"name":"Kontakt"}]},{"@type":"WebSite","@id":"https:\/\/officedus.de\/#website","url":"https:\/\/officedus.de\/","name":"ABD","description":"","potentialAction":[{"@type":"SearchAction","target":{"@type":"EntryPoint","urlTemplate":"https:\/\/officedus.de\/?s={search_term_string}"},"query-input":"required name=search_term_string"}],"inLanguage":"de"}]}},"_links":{"self":[{"href":"https:\/\/officedus.de\/de\/wp-json\/wp\/v2\/pages\/39"}],"collection":[{"href":"https:\/\/officedus.de\/de\/wp-json\/wp\/v2\/pages"}],"about":[{"href":"https:\/\/officedus.de\/de\/wp-json\/wp\/v2\/types\/page"}],"author":[{"embeddable":true,"href":"https:\/\/officedus.de\/de\/wp-json\/wp\/v2\/users\/1"}],"replies":[{"embeddable":true,"href":"https:\/\/officedus.de\/de\/wp-json\/wp\/v2\/comments?post=39"}],"version-history":[{"count":7,"href":"https:\/\/officedus.de\/de\/wp-json\/wp\/v2\/pages\/39\/revisions"}],"predecessor-version":[{"id":1200,"href":"https:\/\/officedus.de\/de\/wp-json\/wp\/v2\/pages\/39\/revisions\/1200"}],"wp:attachment":[{"href":"https:\/\/officedus.de\/de\/wp-json\/wp\/v2\/media?parent=39"}],"curies":[{"name":"wp","href":"https:\/\/api.w.org\/{rel}","templated":true}]}}