{"id":32,"date":"2017-09-01T16:40:25","date_gmt":"2017-09-01T14:40:25","guid":{"rendered":"http:\/\/a-b-d.de\/wp\/?page_id=32"},"modified":"2021-09-23T10:58:29","modified_gmt":"2021-09-23T08:58:29","slug":"raeumlichkeiten","status":"publish","type":"page","link":"https:\/\/officedus.de\/de\/raeumlichkeiten\/","title":{"rendered":"Offices und Business"},"content":{"rendered":"<p>[vc_row][vc_column][vc_column_text]<\/p>\n<h1>Offices und Business<\/h1>\n<p><strong>Office &amp; Co \u2013 Erkennbarkeit an prominenter, zentraler Adresse:<\/strong><\/p>\n<ul>\n<li>Firmensitz, Firmenadresse<\/li>\n<li>Repr\u00e4sentanz, Niederlassung<\/li>\n<li>Vertriebsstandort<\/li>\n<li>Virtuelle B\u00fcros \/ Domiziladresse<\/li>\n<li>Konferenzen, Meetings, Besprechungen<\/li>\n<\/ul>\n<p><strong>Die B\u00fcros:<\/strong><\/p>\n<ul>\n<li>B\u00fcros f\u00fcr dauerhaft effizientes Arbeiten \u2013 allein oder als Gruppe (1-8 Arbeitspl\u00e4tze)<\/li>\n<li>Projekt- oder Messeb\u00fcros<\/li>\n<li>Tagesb\u00fcro<\/li>\n<li>flexible Mietdauer, sofort beziehbar<\/li>\n<li>24 Sunden Zugang<\/li>\n<li>Parkpl\u00e4tze im Haus<\/li>\n<li>Besprechungs- und Konferenzr\u00e4ume bis 25 Personen<\/li>\n<li>&#8230; und nat\u00fcrlich eine komplette B\u00fcroinfrastruktur \u2013 m\u00f6bliert und auf Wunsch auch unm\u00f6bliert<\/li>\n<\/ul>\n<p><strong>\u201eHerzlich Willkommen\u201c:<\/strong><\/p>\n<ul>\n<li>Service Desk und Lounge f\u00fcr den pers\u00f6nlichen Empfang<\/li>\n<li>Sekretariatsservice wann immer Sie es ben\u00f6tigen<\/li>\n<li>professioneller Telefon- und Postservice<\/li>\n<li>Tee\/Kaffeek\u00fcche<\/li>\n<li>Getr\u00e4nkeservice, Catering<\/li>\n<\/ul>\n<p><strong>Die Office Infrastruktur:<\/strong><\/p>\n<ul>\n<li>Schnelles, verl\u00e4ssliches Internet (50 bzw. 400 MBit\/s)<\/li>\n<li>kostenfreies Internet\/WLAN\/VLAN<\/li>\n<li>eigene Telefonnummer\/Umleitung<\/li>\n<li>Kopierer, Drucker, Fax, Beamer, Flipchart<\/li>\n<li>B\u00fcro m\u00f6bliert\/unm\u00f6bliert<\/li>\n<li>stra\u00dfenseitiges Firmenschild\/-logo<\/li>\n<\/ul>\n<p><a href=\"https:\/\/officedus.de\/kontakt\/\" class=\"btn-default btn\">Kontaktieren Sie uns!<\/a>[\/vc_column_text][\/vc_column][\/vc_row]<\/p>\n","protected":false},"excerpt":{"rendered":"<p>[vc_row][vc_column][vc_column_text] Offices und Business Office &amp; Co \u2013 Erkennbarkeit an prominenter, zentraler Adresse: Firmensitz, Firmenadresse Repr\u00e4sentanz, Niederlassung Vertriebsstandort Virtuelle B\u00fcros \/ Domiziladresse Konferenzen, Meetings, Besprechungen Die B\u00fcros: B\u00fcros f\u00fcr dauerhaft effizientes Arbeiten \u2013 allein oder als Gruppe (1-8 Arbeitspl\u00e4tze) Projekt- oder Messeb\u00fcros Tagesb\u00fcro flexible Mietdauer, sofort beziehbar 24 Sunden Zugang Parkpl\u00e4tze im Haus Besprechungs- und<\/p>\n","protected":false},"author":1,"featured_media":0,"parent":0,"menu_order":0,"comment_status":"closed","ping_status":"closed","template":"","meta":[],"acf":[],"yoast_head":"<!-- This site is optimized with the Yoast SEO plugin v19.10 - https:\/\/yoast.com\/wordpress\/plugins\/seo\/ -->\n<title>Offices und Business - ABD<\/title>\n<meta name=\"robots\" content=\"index, follow, max-snippet:-1, max-image-preview:large, max-video-preview:-1\" \/>\n<link rel=\"canonical\" href=\"https:\/\/officedus.de\/de\/raeumlichkeiten\/\" \/>\n<meta property=\"og:locale\" content=\"de_DE\" \/>\n<meta property=\"og:type\" content=\"article\" \/>\n<meta property=\"og:title\" content=\"Offices und Business - ABD\" \/>\n<meta property=\"og:description\" content=\"[vc_row][vc_column][vc_column_text] Offices und Business Office &amp; Co \u2013 Erkennbarkeit an prominenter, zentraler Adresse: Firmensitz, Firmenadresse Repr\u00e4sentanz, Niederlassung Vertriebsstandort Virtuelle B\u00fcros \/ Domiziladresse Konferenzen, Meetings, Besprechungen Die B\u00fcros: B\u00fcros f\u00fcr dauerhaft effizientes Arbeiten \u2013 allein oder als Gruppe (1-8 Arbeitspl\u00e4tze) Projekt- oder Messeb\u00fcros Tagesb\u00fcro flexible Mietdauer, sofort beziehbar 24 Sunden Zugang Parkpl\u00e4tze im Haus Besprechungs- und\" \/>\n<meta property=\"og:url\" content=\"https:\/\/officedus.de\/de\/raeumlichkeiten\/\" \/>\n<meta property=\"og:site_name\" content=\"ABD\" \/>\n<meta property=\"article:modified_time\" content=\"2021-09-23T08:58:29+00:00\" \/>\n<meta name=\"twitter:card\" content=\"summary_large_image\" \/>\n<meta name=\"twitter:label1\" content=\"Gesch\u00e4tzte Lesezeit\" \/>\n\t<meta name=\"twitter:data1\" content=\"1\u00a0Minute\" \/>\n<script type=\"application\/ld+json\" class=\"yoast-schema-graph\">{\"@context\":\"https:\/\/schema.org\",\"@graph\":[{\"@type\":\"WebPage\",\"@id\":\"https:\/\/officedus.de\/de\/raeumlichkeiten\/\",\"url\":\"https:\/\/officedus.de\/de\/raeumlichkeiten\/\",\"name\":\"Offices und Business - ABD\",\"isPartOf\":{\"@id\":\"https:\/\/officedus.de\/#website\"},\"datePublished\":\"2017-09-01T14:40:25+00:00\",\"dateModified\":\"2021-09-23T08:58:29+00:00\",\"breadcrumb\":{\"@id\":\"https:\/\/officedus.de\/de\/raeumlichkeiten\/#breadcrumb\"},\"inLanguage\":\"de\",\"potentialAction\":[{\"@type\":\"ReadAction\",\"target\":[\"https:\/\/officedus.de\/de\/raeumlichkeiten\/\"]}]},{\"@type\":\"BreadcrumbList\",\"@id\":\"https:\/\/officedus.de\/de\/raeumlichkeiten\/#breadcrumb\",\"itemListElement\":[{\"@type\":\"ListItem\",\"position\":1,\"name\":\"Startseite\",\"item\":\"https:\/\/officedus.de\/de\/\"},{\"@type\":\"ListItem\",\"position\":2,\"name\":\"Offices und Business\"}]},{\"@type\":\"WebSite\",\"@id\":\"https:\/\/officedus.de\/#website\",\"url\":\"https:\/\/officedus.de\/\",\"name\":\"ABD\",\"description\":\"\",\"potentialAction\":[{\"@type\":\"SearchAction\",\"target\":{\"@type\":\"EntryPoint\",\"urlTemplate\":\"https:\/\/officedus.de\/?s={search_term_string}\"},\"query-input\":\"required name=search_term_string\"}],\"inLanguage\":\"de\"}]}<\/script>\n<!-- \/ Yoast SEO plugin. -->","yoast_head_json":{"title":"Offices und Business - ABD","robots":{"index":"index","follow":"follow","max-snippet":"max-snippet:-1","max-image-preview":"max-image-preview:large","max-video-preview":"max-video-preview:-1"},"canonical":"https:\/\/officedus.de\/de\/raeumlichkeiten\/","og_locale":"de_DE","og_type":"article","og_title":"Offices und Business - ABD","og_description":"[vc_row][vc_column][vc_column_text] Offices und Business Office &amp; Co \u2013 Erkennbarkeit an prominenter, zentraler Adresse: Firmensitz, Firmenadresse Repr\u00e4sentanz, Niederlassung Vertriebsstandort Virtuelle B\u00fcros \/ Domiziladresse Konferenzen, Meetings, Besprechungen Die B\u00fcros: B\u00fcros f\u00fcr dauerhaft effizientes Arbeiten \u2013 allein oder als Gruppe (1-8 Arbeitspl\u00e4tze) Projekt- oder Messeb\u00fcros Tagesb\u00fcro flexible Mietdauer, sofort beziehbar 24 Sunden Zugang Parkpl\u00e4tze im Haus Besprechungs- und","og_url":"https:\/\/officedus.de\/de\/raeumlichkeiten\/","og_site_name":"ABD","article_modified_time":"2021-09-23T08:58:29+00:00","twitter_card":"summary_large_image","twitter_misc":{"Gesch\u00e4tzte Lesezeit":"1\u00a0Minute"},"schema":{"@context":"https:\/\/schema.org","@graph":[{"@type":"WebPage","@id":"https:\/\/officedus.de\/de\/raeumlichkeiten\/","url":"https:\/\/officedus.de\/de\/raeumlichkeiten\/","name":"Offices und Business - ABD","isPartOf":{"@id":"https:\/\/officedus.de\/#website"},"datePublished":"2017-09-01T14:40:25+00:00","dateModified":"2021-09-23T08:58:29+00:00","breadcrumb":{"@id":"https:\/\/officedus.de\/de\/raeumlichkeiten\/#breadcrumb"},"inLanguage":"de","potentialAction":[{"@type":"ReadAction","target":["https:\/\/officedus.de\/de\/raeumlichkeiten\/"]}]},{"@type":"BreadcrumbList","@id":"https:\/\/officedus.de\/de\/raeumlichkeiten\/#breadcrumb","itemListElement":[{"@type":"ListItem","position":1,"name":"Startseite","item":"https:\/\/officedus.de\/de\/"},{"@type":"ListItem","position":2,"name":"Offices und Business"}]},{"@type":"WebSite","@id":"https:\/\/officedus.de\/#website","url":"https:\/\/officedus.de\/","name":"ABD","description":"","potentialAction":[{"@type":"SearchAction","target":{"@type":"EntryPoint","urlTemplate":"https:\/\/officedus.de\/?s={search_term_string}"},"query-input":"required name=search_term_string"}],"inLanguage":"de"}]}},"_links":{"self":[{"href":"https:\/\/officedus.de\/de\/wp-json\/wp\/v2\/pages\/32"}],"collection":[{"href":"https:\/\/officedus.de\/de\/wp-json\/wp\/v2\/pages"}],"about":[{"href":"https:\/\/officedus.de\/de\/wp-json\/wp\/v2\/types\/page"}],"author":[{"embeddable":true,"href":"https:\/\/officedus.de\/de\/wp-json\/wp\/v2\/users\/1"}],"replies":[{"embeddable":true,"href":"https:\/\/officedus.de\/de\/wp-json\/wp\/v2\/comments?post=32"}],"version-history":[{"count":22,"href":"https:\/\/officedus.de\/de\/wp-json\/wp\/v2\/pages\/32\/revisions"}],"predecessor-version":[{"id":1183,"href":"https:\/\/officedus.de\/de\/wp-json\/wp\/v2\/pages\/32\/revisions\/1183"}],"wp:attachment":[{"href":"https:\/\/officedus.de\/de\/wp-json\/wp\/v2\/media?parent=32"}],"curies":[{"name":"wp","href":"https:\/\/api.w.org\/{rel}","templated":true}]}}