{"id":232,"date":"2017-09-07T17:41:55","date_gmt":"2017-09-07T15:41:55","guid":{"rendered":"http:\/\/a-b-d.de\/wp\/?page_id=232\/"},"modified":"2021-09-23T14:08:37","modified_gmt":"2021-09-23T12:08:37","slug":"datenschutzerklaerung","status":"publish","type":"page","link":"https:\/\/officedus.de\/de\/datenschutzerklaerung\/","title":{"rendered":"Datenschutzerkl\u00e4rung"},"content":{"rendered":"<p>[vc_row][vc_column][vc_column_text]Verantwortliche Stelle im Sinne der Datenschutzgrundverordnung ist:<\/p>\n<p><strong>ABD Business Center GmbH &amp; Co. KG<\/strong><\/p>\n<p>Oststra\u00dfe 54<br \/>\nD-40211 D\u00fcsseldorf<\/p>\n<p>Fon +49 (0)211 9 35 00<br \/>\nFax +49 (0)211 9 35 01 50<\/p>\n<p>eMail: service@officedus.de<br \/>\nwww.officedus.de<\/p>\n<p><strong>Umsatzsteuer-Identifikationsnummer<\/strong><br \/>\nDE 277512080 Sitz: D\u00fcsseldorf, HRA 21590<\/p>\n<p><strong>Gesch\u00e4ftsf\u00fchrung<\/strong><br \/>\nAlleinhaftende Gesellschafterin und Gesch\u00e4ftsf\u00fchrung : ABD Business Center Verwaltungs GmbH Oststra\u00dfe 54 40211 D\u00fcsseldorf HRB 65807<\/p>\n<p><strong>Vertreten durch Gesch\u00e4ftsf\u00fchrer<\/strong><br \/>\nChristian D\u00f6rner<\/p>\n<p><strong>Zust\u00e4ndige Aufsichtsbeh\u00f6rde:<br \/>\n<\/strong>Ordnungsamt D\u00fcsseldorf &#8211; Gewerbeangelegenheiten Worringer Stra\u00dfe 111 40210 D\u00fcsseldorf<\/p>\n<p><strong>Zust\u00e4ndige Kammer:<br \/>\n<\/strong>Industrie- und Handelskammer D\u00fcsseldorf Ernst-Schneider-Platz 1 40212 D\u00fcsseldorf<\/p>\n<p><strong>Berufshaftpflichtversicherung:<\/strong><br \/>\nERGO Versicherung AG Victoriaplatz 2 40198 D\u00fcsseldorf Geltungsbereich Deutschland<\/p>\n<p><a href=\"https:\/\/officedus.de\/impressum\/\">Zum Impressum<\/a><\/p>\n<h2>Erfassung allgemeiner Informationen<\/h2>\n<p>Wenn Sie auf unsere Webseite zugreifen, werden automatisch Informationen allgemeiner Natur erfasst. Diese Informationen (Server-Logfiles) beinhalten etwa die Art des Webbrowsers, das verwendete Betriebssystem, den Domainnamen Ihres Internet Service Providers und \u00c4hnliches. Hierbei handelt es sich ausschlie\u00dflich um Informationen, welche keine R\u00fcckschl\u00fcsse auf Ihre Person zulassen. Diese Informationen sind technisch notwendig, um von Ihnen angeforderte Inhalte von Webseiten korrekt auszuliefern und fallen bei Nutzung des Internets zwingend an. Anonyme Informationen dieser Art werden von uns statistisch ausgewertet, um unseren Internetauftritt und die dahinterstehende Technik zu optimieren.<\/p>\n<h2>Cookies<\/h2>\n<p>Wie viele andere Webseiten verwenden wir auch so genannte \u201eCookies\u201c. Cookies sind kleine Textdateien, die von einem Webseitenserver auf Ihre Festplatte \u00fcbertragen werden. Hierdurch erhalten wir automatisch bestimmte Daten wie z. B. IP-Adresse, verwendeter Browser, Betriebssystem \u00fcber Ihren Computer und Ihre Verbindung zum Internet.<\/p>\n<p>Cookies k\u00f6nnen nicht verwendet werden, um Programme zu starten oder Viren auf einen Computer zu \u00fcbertragen. Anhand der in Cookies enthaltenen Informationen k\u00f6nnen wir Ihnen die Navigation erleichtern und die korrekte Anzeige unserer Webseiten erm\u00f6glichen.<\/p>\n<p>In keinem Fall werden die von uns erfassten Daten an Dritte weitergegeben oder ohne Ihre Einwilligung eine Verkn\u00fcpfung mit personenbezogenen Daten hergestellt.<\/p>\n<p>Nat\u00fcrlich k\u00f6nnen Sie unsere Website grunds\u00e4tzlich auch ohne Cookies betrachten. Internet-Browser sind regelm\u00e4\u00dfig so eingestellt, dass sie Cookies akzeptieren. Sie k\u00f6nnen die Verwendung von Cookies jederzeit \u00fcber die Einstellungen Ihres Browsers deaktivieren. Bitte verwenden Sie die Hilfefunktionen Ihres Internetbrowsers, um zu erfahren, wie Sie diese Einstellungen \u00e4ndern k\u00f6nnen. Bitte beachten Sie, dass einzelne Funktionen unserer Website m\u00f6glicherweise nicht funktionieren, wenn Sie die Verwendung von Cookies deaktiviert haben.<\/p>\n<h2>SSL-Verschl\u00fcsselung<\/h2>\n<p>Um die Sicherheit Ihrer Daten bei der \u00dcbertragung zu sch\u00fctzen, verwenden wir dem aktuellen Stand der Technik entsprechende Verschl\u00fcsselungsverfahren (z. B. SSL) \u00fcber HTTPS.<\/p>\n<h2>Kontaktformular<\/h2>\n<p>Treten Sie per E-Mail oder Kontaktformular mit uns in Kontakt, werden die von Ihnen gemachten Angaben zum Zwecke der Bearbeitung der Anfrage sowie f\u00fcr m\u00f6gliche Anschlussfragen gespeichert.<\/p>\n<h2>L\u00f6schung bzw. Sperrung der Daten<\/h2>\n<p>Wir halten uns an die Grunds\u00e4tze der Datenvermeidung und Datensparsamkeit. Wir speichern Ihre personenbezogenen Daten daher nur so lange, wie dies zur Erreichung der hier genannten Zwecke erforderlich ist oder wie es die vom Gesetzgeber vorgesehenen vielf\u00e4ltigen Speicherfristen vorsehen. Nach Fortfall des jeweiligen Zweckes bzw. Ablauf dieser Fristen werden die entsprechenden Daten routinem\u00e4\u00dfig und entsprechend den gesetzlichen Vorschriften gesperrt oder gel\u00f6scht.<\/p>\n<h2>Verwendung von Scriptbibliotheken (Google Webfonts)<\/h2>\n<p>Um unsere Inhalte browser\u00fcbergreifend korrekt und grafisch ansprechend darzustellen, verwenden wir auf dieser Website Scriptbibliotheken und Schriftbibliotheken wie z. B. Google Webfonts (<a href=\"http:\/\/www.google.com\/webfonts\/\">https:\/\/www.google.com\/webfonts\/<\/a>). Google Webfonts werden zur Vermeidung mehrfachen Ladens in den Cache Ihres Browsers \u00fcbertragen. Falls der Browser die Google Webfonts nicht unterst\u00fctzt oder den Zugriff unterbindet, werden Inhalte in einer Standardschrift angezeigt.<\/p>\n<p>Der Aufruf von Scriptbibliotheken oder Schriftbibliotheken l\u00f6st automatisch eine Verbindung zum Betreiber der Bibliothek aus. Dabei ist es theoretisch m\u00f6glich \u2013 aktuell allerdings auch unklar ob und ggf. zu welchen Zwecken \u2013 dass Betreiber entsprechender Bibliotheken Daten erheben.<\/p>\n<p>Die Datenschutzrichtlinie des Bibliothekbetreibers Google finden Sie hier: <a href=\"https:\/\/www.google.com\/policies\/privacy\/\">https:\/\/www.google.com\/policies\/privacy\/<\/a><\/p>\n<h2>Verwendung von Google Maps<\/h2>\n<p>Diese Website nutzt zur visuellen Darstellung von Kartenmaterial die &#8222;Google Maps API&#8220; des Unternehmens Google Inc. (Google). Bei der Nutzung von Google Maps werden von Google auch Daten \u00fcber die Nutzung der Maps-Funktionen durch Besucher der Webseiten erhoben, verarbeitet und genutzt. Die Nutzungsbedingungen f\u00fcr Google Maps finden Sie unter Nutzungsbedingungen f\u00fcr Google Maps. Weitere Informationen zu den Datenschutzrichtlinien von Google finden Sie unter: https:\/\/www.google.com\/intl\/de\/policies\/privacy\/.<\/p>\n<h2>Ihre Rechte auf Auskunft, Berichtigung, Sperre, L\u00f6schung und Widerspruch<\/h2>\n<p>Sie haben das Recht, jederzeit Auskunft \u00fcber Ihre bei uns gespeicherten personenbezogenen Daten zu erhalten. Ebenso haben Sie das Recht auf Berichtigung, Sperrung oder, abgesehen von der vorgeschriebenen Datenspeicherung zur Gesch\u00e4ftsabwicklung, L\u00f6schung Ihrer personenbezogenen Daten. Bitte wenden Sie sich dazu an unseren Datenschutzbeauftragten. Die Kontaktdaten finden Sie ganz unten.<\/p>\n<p>Damit eine Sperre von Daten jederzeit ber\u00fccksichtigt werden kann, m\u00fcssen diese Daten zu Kontrollzwecken in einer Sperrdatei vorgehalten werden. Sie k\u00f6nnen auch die L\u00f6schung der Daten verlangen, soweit keine gesetzliche Archivierungsverpflichtung besteht. Soweit eine solche Verpflichtung besteht, sperren wir Ihre Daten auf Wunsch.<\/p>\n<p>Sie k\u00f6nnen \u00c4nderungen oder den Widerruf einer Einwilligung durch entsprechende Mitteilung an uns mit Wirkung f\u00fcr die Zukunft vornehmen.<\/p>\n<h2>\u00c4nderung unserer Datenschutzbestimmungen<\/h2>\n<p>Wir behalten uns vor, diese Datenschutzerkl\u00e4rung gelegentlich anzupassen, damit sie stets den aktuellen rechtlichen Anforderungen entspricht oder um \u00c4nderungen unserer Leistungen in der Datenschutzerkl\u00e4rung umzusetzen, z. B. bei der Einf\u00fchrung neuer Services. F\u00fcr Ihren erneuten Besuch gilt dann die neue Datenschutzerkl\u00e4rung.<\/p>\n<h2>Fragen an den Datenschutzbeauftragten<\/h2>\n<p>Wenn Sie Fragen zum Datenschutz haben, schreiben Sie uns bitte eine E-Mail oder wenden Sie sich direkt an unseren Datenschutzbeauftragten:<\/p>\n<p><strong>ABD Business Center<br \/>\nGmbH &amp; Co. KG<\/strong><br \/>\nImmermannstr. 13<br \/>\nD-40210 D\u00fcsseldorf<\/p>\n<p>service@officedus.de<\/p>\n<p><em>Die Datenschutzerkl\u00e4rung wurde mit dem <\/em><a href=\"https:\/\/www.activemind.de\/datenschutz\/datenschutzhinweis-generator\/\"><em>Datenschutzerkl\u00e4rungs-Generator der activeMind AG erstellt<\/em><\/a><em>.<\/em><\/p>\n<h3>Keine Abmahnung ohne vorherigen Kontakt<\/h3>\n<p>Sollten diese Webseite, die in Ihr dargestellten Inhalte sowie Vereinbarungen oder von uns durchgef\u00fchrte Verarbeitungst\u00e4tigkeiten wegen ihres Inhalts oder ihrer Gestaltung Rechte Dritter oder gesetzliche Bestimmungen verletzen, bitten wir um Nachricht. Wir versprechen unverz\u00fcgliche Abhilfe. Sie bekommen innerhalb von f\u00fcnf Arbeitstagen hierzu Antwort.<\/p>\n<p>Die Einschaltung eines Rechtsanwalts ist daher \u2013 nach \u00a7\u00a7 249, 254 BGB \u2013 zun\u00e4chst nicht erforderlich. Ohne vorherige Kontaktaufnahme entstandene Kosten werden wir nicht erstatten.[\/vc_column_text][\/vc_column][\/vc_row]<\/p>\n","protected":false},"excerpt":{"rendered":"<p>[vc_row][vc_column][vc_column_text]Verantwortliche Stelle im Sinne der Datenschutzgrundverordnung ist: ABD Business Center GmbH &amp; Co. KG Oststra\u00dfe 54 D-40211 D\u00fcsseldorf Fon +49 (0)211 9 35 00 Fax +49 (0)211 9 35 01 50 eMail: service@officedus.de www.officedus.de Umsatzsteuer-Identifikationsnummer DE 277512080 Sitz: D\u00fcsseldorf, HRA 21590 Gesch\u00e4ftsf\u00fchrung Alleinhaftende Gesellschafterin und Gesch\u00e4ftsf\u00fchrung : ABD Business Center Verwaltungs GmbH Oststra\u00dfe 54 40211<\/p>\n","protected":false},"author":1,"featured_media":0,"parent":0,"menu_order":0,"comment_status":"closed","ping_status":"closed","template":"","meta":[],"acf":[],"yoast_head":"<!-- This site is optimized with the Yoast SEO plugin v19.10 - https:\/\/yoast.com\/wordpress\/plugins\/seo\/ -->\n<title>Datenschutzerkl\u00e4rung - ABD<\/title>\n<meta name=\"robots\" content=\"index, follow, max-snippet:-1, max-image-preview:large, max-video-preview:-1\" \/>\n<link rel=\"canonical\" href=\"https:\/\/officedus.de\/de\/datenschutzerklaerung\/\" \/>\n<meta property=\"og:locale\" content=\"de_DE\" \/>\n<meta property=\"og:type\" content=\"article\" \/>\n<meta property=\"og:title\" content=\"Datenschutzerkl\u00e4rung - ABD\" \/>\n<meta property=\"og:description\" content=\"[vc_row][vc_column][vc_column_text]Verantwortliche Stelle im Sinne der Datenschutzgrundverordnung ist: ABD Business Center GmbH &amp; Co. KG Oststra\u00dfe 54 D-40211 D\u00fcsseldorf Fon +49 (0)211 9 35 00 Fax +49 (0)211 9 35 01 50 eMail: service@officedus.de www.officedus.de Umsatzsteuer-Identifikationsnummer DE 277512080 Sitz: D\u00fcsseldorf, HRA 21590 Gesch\u00e4ftsf\u00fchrung Alleinhaftende Gesellschafterin und Gesch\u00e4ftsf\u00fchrung : ABD Business Center Verwaltungs GmbH Oststra\u00dfe 54 40211\" \/>\n<meta property=\"og:url\" content=\"https:\/\/officedus.de\/de\/datenschutzerklaerung\/\" \/>\n<meta property=\"og:site_name\" content=\"ABD\" \/>\n<meta property=\"article:modified_time\" content=\"2021-09-23T12:08:37+00:00\" \/>\n<meta name=\"twitter:card\" content=\"summary_large_image\" \/>\n<meta name=\"twitter:label1\" content=\"Gesch\u00e4tzte Lesezeit\" \/>\n\t<meta name=\"twitter:data1\" content=\"5\u00a0Minuten\" \/>\n<script type=\"application\/ld+json\" class=\"yoast-schema-graph\">{\"@context\":\"https:\/\/schema.org\",\"@graph\":[{\"@type\":\"WebPage\",\"@id\":\"https:\/\/officedus.de\/de\/datenschutzerklaerung\/\",\"url\":\"https:\/\/officedus.de\/de\/datenschutzerklaerung\/\",\"name\":\"Datenschutzerkl\u00e4rung - ABD\",\"isPartOf\":{\"@id\":\"https:\/\/officedus.de\/#website\"},\"datePublished\":\"2017-09-07T15:41:55+00:00\",\"dateModified\":\"2021-09-23T12:08:37+00:00\",\"breadcrumb\":{\"@id\":\"https:\/\/officedus.de\/de\/datenschutzerklaerung\/#breadcrumb\"},\"inLanguage\":\"de\",\"potentialAction\":[{\"@type\":\"ReadAction\",\"target\":[\"https:\/\/officedus.de\/de\/datenschutzerklaerung\/\"]}]},{\"@type\":\"BreadcrumbList\",\"@id\":\"https:\/\/officedus.de\/de\/datenschutzerklaerung\/#breadcrumb\",\"itemListElement\":[{\"@type\":\"ListItem\",\"position\":1,\"name\":\"Startseite\",\"item\":\"https:\/\/officedus.de\/de\/\"},{\"@type\":\"ListItem\",\"position\":2,\"name\":\"Datenschutzerkl\u00e4rung\"}]},{\"@type\":\"WebSite\",\"@id\":\"https:\/\/officedus.de\/#website\",\"url\":\"https:\/\/officedus.de\/\",\"name\":\"ABD\",\"description\":\"\",\"potentialAction\":[{\"@type\":\"SearchAction\",\"target\":{\"@type\":\"EntryPoint\",\"urlTemplate\":\"https:\/\/officedus.de\/?s={search_term_string}\"},\"query-input\":\"required name=search_term_string\"}],\"inLanguage\":\"de\"}]}<\/script>\n<!-- \/ Yoast SEO plugin. -->","yoast_head_json":{"title":"Datenschutzerkl\u00e4rung - ABD","robots":{"index":"index","follow":"follow","max-snippet":"max-snippet:-1","max-image-preview":"max-image-preview:large","max-video-preview":"max-video-preview:-1"},"canonical":"https:\/\/officedus.de\/de\/datenschutzerklaerung\/","og_locale":"de_DE","og_type":"article","og_title":"Datenschutzerkl\u00e4rung - ABD","og_description":"[vc_row][vc_column][vc_column_text]Verantwortliche Stelle im Sinne der Datenschutzgrundverordnung ist: ABD Business Center GmbH &amp; Co. KG Oststra\u00dfe 54 D-40211 D\u00fcsseldorf Fon +49 (0)211 9 35 00 Fax +49 (0)211 9 35 01 50 eMail: service@officedus.de www.officedus.de Umsatzsteuer-Identifikationsnummer DE 277512080 Sitz: D\u00fcsseldorf, HRA 21590 Gesch\u00e4ftsf\u00fchrung Alleinhaftende Gesellschafterin und Gesch\u00e4ftsf\u00fchrung : ABD Business Center Verwaltungs GmbH Oststra\u00dfe 54 40211","og_url":"https:\/\/officedus.de\/de\/datenschutzerklaerung\/","og_site_name":"ABD","article_modified_time":"2021-09-23T12:08:37+00:00","twitter_card":"summary_large_image","twitter_misc":{"Gesch\u00e4tzte Lesezeit":"5\u00a0Minuten"},"schema":{"@context":"https:\/\/schema.org","@graph":[{"@type":"WebPage","@id":"https:\/\/officedus.de\/de\/datenschutzerklaerung\/","url":"https:\/\/officedus.de\/de\/datenschutzerklaerung\/","name":"Datenschutzerkl\u00e4rung - ABD","isPartOf":{"@id":"https:\/\/officedus.de\/#website"},"datePublished":"2017-09-07T15:41:55+00:00","dateModified":"2021-09-23T12:08:37+00:00","breadcrumb":{"@id":"https:\/\/officedus.de\/de\/datenschutzerklaerung\/#breadcrumb"},"inLanguage":"de","potentialAction":[{"@type":"ReadAction","target":["https:\/\/officedus.de\/de\/datenschutzerklaerung\/"]}]},{"@type":"BreadcrumbList","@id":"https:\/\/officedus.de\/de\/datenschutzerklaerung\/#breadcrumb","itemListElement":[{"@type":"ListItem","position":1,"name":"Startseite","item":"https:\/\/officedus.de\/de\/"},{"@type":"ListItem","position":2,"name":"Datenschutzerkl\u00e4rung"}]},{"@type":"WebSite","@id":"https:\/\/officedus.de\/#website","url":"https:\/\/officedus.de\/","name":"ABD","description":"","potentialAction":[{"@type":"SearchAction","target":{"@type":"EntryPoint","urlTemplate":"https:\/\/officedus.de\/?s={search_term_string}"},"query-input":"required name=search_term_string"}],"inLanguage":"de"}]}},"_links":{"self":[{"href":"https:\/\/officedus.de\/de\/wp-json\/wp\/v2\/pages\/232"}],"collection":[{"href":"https:\/\/officedus.de\/de\/wp-json\/wp\/v2\/pages"}],"about":[{"href":"https:\/\/officedus.de\/de\/wp-json\/wp\/v2\/types\/page"}],"author":[{"embeddable":true,"href":"https:\/\/officedus.de\/de\/wp-json\/wp\/v2\/users\/1"}],"replies":[{"embeddable":true,"href":"https:\/\/officedus.de\/de\/wp-json\/wp\/v2\/comments?post=232"}],"version-history":[{"count":10,"href":"https:\/\/officedus.de\/de\/wp-json\/wp\/v2\/pages\/232\/revisions"}],"predecessor-version":[{"id":1199,"href":"https:\/\/officedus.de\/de\/wp-json\/wp\/v2\/pages\/232\/revisions\/1199"}],"wp:attachment":[{"href":"https:\/\/officedus.de\/de\/wp-json\/wp\/v2\/media?parent=232"}],"curies":[{"name":"wp","href":"https:\/\/api.w.org\/{rel}","templated":true}]}}