{"id":206,"date":"2017-09-07T16:51:13","date_gmt":"2017-09-07T14:51:13","guid":{"rendered":"http:\/\/a-b-d.de\/wp\/?page_id=206\/"},"modified":"2021-09-23T10:02:54","modified_gmt":"2021-09-23T08:02:54","slug":"team-und-historie","status":"publish","type":"page","link":"https:\/\/officedus.de\/de\/abd\/team-und-historie\/","title":{"rendered":"Team und Historie"},"content":{"rendered":"<p>[vc_row][vc_column][vc_column_text]<\/p>\n<h1>Team und Historie<\/h1>\n<p>[\/vc_column_text][\/vc_column][\/vc_row][vc_row][vc_column width=&#8220;1\/4&#8243;][vc_single_image image=&#8220;212&#8243; img_size=&#8220;medium&#8220;][\/vc_column][vc_column width=&#8220;3\/4&#8243;][vc_column_text]<\/p>\n<h3>Qualifiziert und engagiert<\/h3>\n<p>Christian D\u00f6rner f\u00fchrt als Inhaber das 1981 gegr\u00fcndete Unternehmen und steht pers\u00f6nlich f\u00fcr den Erfolg individueller Services im B\u00fcrobereich. Seine Pr\u00e4senz im B\u00fcro und im Team garantiert die reibungslose Abwicklung vielf\u00e4ltiger Verwaltungsvorg\u00e4nge ebenso, wie pers\u00f6nliche Beratung bei allen B\u00fcrodienstleistungen.<\/p>\n<p>Das dreik\u00f6pfige qualifizierte und zuvorkommende Team engagierter Mitarbeiterinnen und Mitarbeiter unterst\u00fctzt Sie pers\u00f6nlich bei allen Support-Fragen und l\u00e4sst Ihnen mehr Raum f\u00fcr Ihren gesch\u00e4ftlichen Fokus![\/vc_column_text][\/vc_column][\/vc_row][vc_row][vc_column width=&#8220;1\/4&#8243;][vc_single_image image=&#8220;376&#8243;][\/vc_column][vc_column width=&#8220;3\/4&#8243;][vc_column_text]<\/p>\n<h3>35 Jahre am Standort D\u00fcsseldorf<\/h3>\n<p>Das ABD Business Center wurde als eines der ersten B\u00fcrodienstleister in Deutschland mit dem Auftrag gegr\u00fcndet, internationalen Firmen einen repr\u00e4sentativen Sitz in Deutschland zu geben und Unternehmern generell eine B\u00fcroinfrastruktur zur Verf\u00fcgung zu stellen, die es Ihnen erm\u00f6glicht, sich auf den Gesch\u00e4ftsaufbau zu konzentrieren. 35 Jahre und eine durchschnittliche Verweildauer unserer Kunden von vier Jahren in unseren B\u00fcror\u00e4umen geben diesem Konzept Recht.[\/vc_column_text][\/vc_column][\/vc_row]<\/p>\n","protected":false},"excerpt":{"rendered":"<p>[vc_row][vc_column][vc_column_text] Team und Historie [\/vc_column_text][\/vc_column][\/vc_row][vc_row][vc_column width=&#8220;1\/4&#8243;][vc_single_image image=&#8220;212&#8243; img_size=&#8220;medium&#8220;][\/vc_column][vc_column width=&#8220;3\/4&#8243;][vc_column_text] Qualifiziert und engagiert Christian D\u00f6rner f\u00fchrt als Inhaber das 1981 gegr\u00fcndete Unternehmen und steht pers\u00f6nlich f\u00fcr den Erfolg individueller Services im B\u00fcrobereich. Seine Pr\u00e4senz im B\u00fcro und im Team garantiert die reibungslose Abwicklung vielf\u00e4ltiger Verwaltungsvorg\u00e4nge ebenso, wie pers\u00f6nliche Beratung bei allen B\u00fcrodienstleistungen. Das dreik\u00f6pfige qualifizierte und<\/p>\n","protected":false},"author":1,"featured_media":0,"parent":61,"menu_order":0,"comment_status":"closed","ping_status":"closed","template":"","meta":[],"acf":[],"yoast_head":"<!-- This site is optimized with the Yoast SEO plugin v19.10 - https:\/\/yoast.com\/wordpress\/plugins\/seo\/ -->\n<title>Team und Historie - ABD<\/title>\n<meta name=\"robots\" content=\"index, follow, max-snippet:-1, max-image-preview:large, max-video-preview:-1\" \/>\n<link rel=\"canonical\" href=\"https:\/\/officedus.de\/de\/abd\/team-und-historie\/\" \/>\n<meta property=\"og:locale\" content=\"de_DE\" \/>\n<meta property=\"og:type\" content=\"article\" \/>\n<meta property=\"og:title\" content=\"Team und Historie - ABD\" \/>\n<meta property=\"og:description\" content=\"[vc_row][vc_column][vc_column_text] Team und Historie [\/vc_column_text][\/vc_column][\/vc_row][vc_row][vc_column width=&#8220;1\/4&#8243;][vc_single_image image=&#8220;212&#8243; img_size=&#8220;medium&#8220;][\/vc_column][vc_column width=&#8220;3\/4&#8243;][vc_column_text] Qualifiziert und engagiert Christian D\u00f6rner f\u00fchrt als Inhaber das 1981 gegr\u00fcndete Unternehmen und steht pers\u00f6nlich f\u00fcr den Erfolg individueller Services im B\u00fcrobereich. Seine Pr\u00e4senz im B\u00fcro und im Team garantiert die reibungslose Abwicklung vielf\u00e4ltiger Verwaltungsvorg\u00e4nge ebenso, wie pers\u00f6nliche Beratung bei allen B\u00fcrodienstleistungen. Das dreik\u00f6pfige qualifizierte und\" \/>\n<meta property=\"og:url\" content=\"https:\/\/officedus.de\/de\/abd\/team-und-historie\/\" \/>\n<meta property=\"og:site_name\" content=\"ABD\" \/>\n<meta property=\"article:modified_time\" content=\"2021-09-23T08:02:54+00:00\" \/>\n<meta name=\"twitter:card\" content=\"summary_large_image\" \/>\n<meta name=\"twitter:label1\" content=\"Gesch\u00e4tzte Lesezeit\" \/>\n\t<meta name=\"twitter:data1\" content=\"1\u00a0Minute\" \/>\n<script type=\"application\/ld+json\" class=\"yoast-schema-graph\">{\"@context\":\"https:\/\/schema.org\",\"@graph\":[{\"@type\":\"WebPage\",\"@id\":\"https:\/\/officedus.de\/de\/abd\/team-und-historie\/\",\"url\":\"https:\/\/officedus.de\/de\/abd\/team-und-historie\/\",\"name\":\"Team und Historie - ABD\",\"isPartOf\":{\"@id\":\"https:\/\/officedus.de\/#website\"},\"datePublished\":\"2017-09-07T14:51:13+00:00\",\"dateModified\":\"2021-09-23T08:02:54+00:00\",\"breadcrumb\":{\"@id\":\"https:\/\/officedus.de\/de\/abd\/team-und-historie\/#breadcrumb\"},\"inLanguage\":\"de\",\"potentialAction\":[{\"@type\":\"ReadAction\",\"target\":[\"https:\/\/officedus.de\/de\/abd\/team-und-historie\/\"]}]},{\"@type\":\"BreadcrumbList\",\"@id\":\"https:\/\/officedus.de\/de\/abd\/team-und-historie\/#breadcrumb\",\"itemListElement\":[{\"@type\":\"ListItem\",\"position\":1,\"name\":\"Startseite\",\"item\":\"https:\/\/officedus.de\/de\/\"},{\"@type\":\"ListItem\",\"position\":2,\"name\":\"ABD\",\"item\":\"https:\/\/officedus.de\/de\/abd\/\"},{\"@type\":\"ListItem\",\"position\":3,\"name\":\"Team und Historie\"}]},{\"@type\":\"WebSite\",\"@id\":\"https:\/\/officedus.de\/#website\",\"url\":\"https:\/\/officedus.de\/\",\"name\":\"ABD\",\"description\":\"\",\"potentialAction\":[{\"@type\":\"SearchAction\",\"target\":{\"@type\":\"EntryPoint\",\"urlTemplate\":\"https:\/\/officedus.de\/?s={search_term_string}\"},\"query-input\":\"required name=search_term_string\"}],\"inLanguage\":\"de\"}]}<\/script>\n<!-- \/ Yoast SEO plugin. -->","yoast_head_json":{"title":"Team und Historie - ABD","robots":{"index":"index","follow":"follow","max-snippet":"max-snippet:-1","max-image-preview":"max-image-preview:large","max-video-preview":"max-video-preview:-1"},"canonical":"https:\/\/officedus.de\/de\/abd\/team-und-historie\/","og_locale":"de_DE","og_type":"article","og_title":"Team und Historie - ABD","og_description":"[vc_row][vc_column][vc_column_text] Team und Historie [\/vc_column_text][\/vc_column][\/vc_row][vc_row][vc_column width=&#8220;1\/4&#8243;][vc_single_image image=&#8220;212&#8243; img_size=&#8220;medium&#8220;][\/vc_column][vc_column width=&#8220;3\/4&#8243;][vc_column_text] Qualifiziert und engagiert Christian D\u00f6rner f\u00fchrt als Inhaber das 1981 gegr\u00fcndete Unternehmen und steht pers\u00f6nlich f\u00fcr den Erfolg individueller Services im B\u00fcrobereich. Seine Pr\u00e4senz im B\u00fcro und im Team garantiert die reibungslose Abwicklung vielf\u00e4ltiger Verwaltungsvorg\u00e4nge ebenso, wie pers\u00f6nliche Beratung bei allen B\u00fcrodienstleistungen. Das dreik\u00f6pfige qualifizierte und","og_url":"https:\/\/officedus.de\/de\/abd\/team-und-historie\/","og_site_name":"ABD","article_modified_time":"2021-09-23T08:02:54+00:00","twitter_card":"summary_large_image","twitter_misc":{"Gesch\u00e4tzte Lesezeit":"1\u00a0Minute"},"schema":{"@context":"https:\/\/schema.org","@graph":[{"@type":"WebPage","@id":"https:\/\/officedus.de\/de\/abd\/team-und-historie\/","url":"https:\/\/officedus.de\/de\/abd\/team-und-historie\/","name":"Team und Historie - ABD","isPartOf":{"@id":"https:\/\/officedus.de\/#website"},"datePublished":"2017-09-07T14:51:13+00:00","dateModified":"2021-09-23T08:02:54+00:00","breadcrumb":{"@id":"https:\/\/officedus.de\/de\/abd\/team-und-historie\/#breadcrumb"},"inLanguage":"de","potentialAction":[{"@type":"ReadAction","target":["https:\/\/officedus.de\/de\/abd\/team-und-historie\/"]}]},{"@type":"BreadcrumbList","@id":"https:\/\/officedus.de\/de\/abd\/team-und-historie\/#breadcrumb","itemListElement":[{"@type":"ListItem","position":1,"name":"Startseite","item":"https:\/\/officedus.de\/de\/"},{"@type":"ListItem","position":2,"name":"ABD","item":"https:\/\/officedus.de\/de\/abd\/"},{"@type":"ListItem","position":3,"name":"Team und Historie"}]},{"@type":"WebSite","@id":"https:\/\/officedus.de\/#website","url":"https:\/\/officedus.de\/","name":"ABD","description":"","potentialAction":[{"@type":"SearchAction","target":{"@type":"EntryPoint","urlTemplate":"https:\/\/officedus.de\/?s={search_term_string}"},"query-input":"required name=search_term_string"}],"inLanguage":"de"}]}},"_links":{"self":[{"href":"https:\/\/officedus.de\/de\/wp-json\/wp\/v2\/pages\/206"}],"collection":[{"href":"https:\/\/officedus.de\/de\/wp-json\/wp\/v2\/pages"}],"about":[{"href":"https:\/\/officedus.de\/de\/wp-json\/wp\/v2\/types\/page"}],"author":[{"embeddable":true,"href":"https:\/\/officedus.de\/de\/wp-json\/wp\/v2\/users\/1"}],"replies":[{"embeddable":true,"href":"https:\/\/officedus.de\/de\/wp-json\/wp\/v2\/comments?post=206"}],"version-history":[{"count":15,"href":"https:\/\/officedus.de\/de\/wp-json\/wp\/v2\/pages\/206\/revisions"}],"predecessor-version":[{"id":1134,"href":"https:\/\/officedus.de\/de\/wp-json\/wp\/v2\/pages\/206\/revisions\/1134"}],"up":[{"embeddable":true,"href":"https:\/\/officedus.de\/de\/wp-json\/wp\/v2\/pages\/61"}],"wp:attachment":[{"href":"https:\/\/officedus.de\/de\/wp-json\/wp\/v2\/media?parent=206"}],"curies":[{"name":"wp","href":"https:\/\/api.w.org\/{rel}","templated":true}]}}