{"id":197,"date":"2017-09-07T16:36:42","date_gmt":"2017-09-07T14:36:42","guid":{"rendered":"http:\/\/a-b-d.de\/wp\/?page_id=197\/"},"modified":"2021-09-23T09:39:39","modified_gmt":"2021-09-23T07:39:39","slug":"business-support","status":"publish","type":"page","link":"https:\/\/officedus.de\/de\/services\/business-support\/","title":{"rendered":"Business Support"},"content":{"rendered":"<h1>Business Support<\/h1>\n<ul>\n<li>Vortrags- und Seminarunterst\u00fctzung,<\/li>\n<li>Konferenzorganisation &#8211; auch f\u00fcr Ihre externe Veranstaltungen,<br \/>\n(Verkaufsevents, Konferenz, Messesupport), sowie<\/li>\n<li>Messe- und Vertriebsunterst\u00fctzung<\/li>\n<\/ul>\n<p>f\u00fcr<\/p>\n<ul>\n<li>Rechts- und Steuerberatung<\/li>\n<li>Buchhaltung<\/li>\n<li>\u00dcbersetzungen<\/li>\n<li>Transport und Logistik<\/li>\n<\/ul>\n<p>arbeiten wir mit verl\u00e4sslichen Partnern zusammen.<\/p>\n<p><a href=\"https:\/\/officedus.de\/kontakt\/\">Haben Sie noch Fragen?<\/a><\/p>\n","protected":false},"excerpt":{"rendered":"<p>Business Support Vortrags- und Seminarunterst\u00fctzung, Konferenzorganisation &#8211; auch f\u00fcr Ihre externe Veranstaltungen, (Verkaufsevents, Konferenz, Messesupport), sowie Messe- und Vertriebsunterst\u00fctzung f\u00fcr Rechts- und Steuerberatung Buchhaltung \u00dcbersetzungen Transport und Logistik arbeiten wir mit verl\u00e4sslichen Partnern zusammen. Haben Sie noch Fragen?<\/p>\n","protected":false},"author":1,"featured_media":0,"parent":34,"menu_order":0,"comment_status":"closed","ping_status":"closed","template":"","meta":[],"acf":[],"yoast_head":"<!-- This site is optimized with the Yoast SEO plugin v19.10 - https:\/\/yoast.com\/wordpress\/plugins\/seo\/ -->\n<title>Business Support - ABD<\/title>\n<meta name=\"robots\" content=\"index, follow, max-snippet:-1, max-image-preview:large, max-video-preview:-1\" \/>\n<link rel=\"canonical\" href=\"https:\/\/officedus.de\/de\/services\/business-support\/\" \/>\n<meta property=\"og:locale\" content=\"de_DE\" \/>\n<meta property=\"og:type\" content=\"article\" \/>\n<meta property=\"og:title\" content=\"Business Support - ABD\" \/>\n<meta property=\"og:description\" content=\"Business Support Vortrags- und Seminarunterst\u00fctzung, Konferenzorganisation &#8211; auch f\u00fcr Ihre externe Veranstaltungen, (Verkaufsevents, Konferenz, Messesupport), sowie Messe- und Vertriebsunterst\u00fctzung f\u00fcr Rechts- und Steuerberatung Buchhaltung \u00dcbersetzungen Transport und Logistik arbeiten wir mit verl\u00e4sslichen Partnern zusammen. Haben Sie noch Fragen?\" \/>\n<meta property=\"og:url\" content=\"https:\/\/officedus.de\/de\/services\/business-support\/\" \/>\n<meta property=\"og:site_name\" content=\"ABD\" \/>\n<meta property=\"article:modified_time\" content=\"2021-09-23T07:39:39+00:00\" \/>\n<meta name=\"twitter:card\" content=\"summary_large_image\" \/>\n<meta name=\"twitter:label1\" content=\"Gesch\u00e4tzte Lesezeit\" \/>\n\t<meta name=\"twitter:data1\" content=\"1\u00a0Minute\" \/>\n<script type=\"application\/ld+json\" class=\"yoast-schema-graph\">{\"@context\":\"https:\/\/schema.org\",\"@graph\":[{\"@type\":\"WebPage\",\"@id\":\"https:\/\/officedus.de\/de\/services\/business-support\/\",\"url\":\"https:\/\/officedus.de\/de\/services\/business-support\/\",\"name\":\"Business Support - ABD\",\"isPartOf\":{\"@id\":\"https:\/\/officedus.de\/#website\"},\"datePublished\":\"2017-09-07T14:36:42+00:00\",\"dateModified\":\"2021-09-23T07:39:39+00:00\",\"breadcrumb\":{\"@id\":\"https:\/\/officedus.de\/de\/services\/business-support\/#breadcrumb\"},\"inLanguage\":\"de\",\"potentialAction\":[{\"@type\":\"ReadAction\",\"target\":[\"https:\/\/officedus.de\/de\/services\/business-support\/\"]}]},{\"@type\":\"BreadcrumbList\",\"@id\":\"https:\/\/officedus.de\/de\/services\/business-support\/#breadcrumb\",\"itemListElement\":[{\"@type\":\"ListItem\",\"position\":1,\"name\":\"Startseite\",\"item\":\"https:\/\/officedus.de\/de\/\"},{\"@type\":\"ListItem\",\"position\":2,\"name\":\"Services\",\"item\":\"https:\/\/officedus.de\/de\/services\/\"},{\"@type\":\"ListItem\",\"position\":3,\"name\":\"Business Support\"}]},{\"@type\":\"WebSite\",\"@id\":\"https:\/\/officedus.de\/#website\",\"url\":\"https:\/\/officedus.de\/\",\"name\":\"ABD\",\"description\":\"\",\"potentialAction\":[{\"@type\":\"SearchAction\",\"target\":{\"@type\":\"EntryPoint\",\"urlTemplate\":\"https:\/\/officedus.de\/?s={search_term_string}\"},\"query-input\":\"required name=search_term_string\"}],\"inLanguage\":\"de\"}]}<\/script>\n<!-- \/ Yoast SEO plugin. -->","yoast_head_json":{"title":"Business Support - ABD","robots":{"index":"index","follow":"follow","max-snippet":"max-snippet:-1","max-image-preview":"max-image-preview:large","max-video-preview":"max-video-preview:-1"},"canonical":"https:\/\/officedus.de\/de\/services\/business-support\/","og_locale":"de_DE","og_type":"article","og_title":"Business Support - ABD","og_description":"Business Support Vortrags- und Seminarunterst\u00fctzung, Konferenzorganisation &#8211; auch f\u00fcr Ihre externe Veranstaltungen, (Verkaufsevents, Konferenz, Messesupport), sowie Messe- und Vertriebsunterst\u00fctzung f\u00fcr Rechts- und Steuerberatung Buchhaltung \u00dcbersetzungen Transport und Logistik arbeiten wir mit verl\u00e4sslichen Partnern zusammen. Haben Sie noch Fragen?","og_url":"https:\/\/officedus.de\/de\/services\/business-support\/","og_site_name":"ABD","article_modified_time":"2021-09-23T07:39:39+00:00","twitter_card":"summary_large_image","twitter_misc":{"Gesch\u00e4tzte Lesezeit":"1\u00a0Minute"},"schema":{"@context":"https:\/\/schema.org","@graph":[{"@type":"WebPage","@id":"https:\/\/officedus.de\/de\/services\/business-support\/","url":"https:\/\/officedus.de\/de\/services\/business-support\/","name":"Business Support - ABD","isPartOf":{"@id":"https:\/\/officedus.de\/#website"},"datePublished":"2017-09-07T14:36:42+00:00","dateModified":"2021-09-23T07:39:39+00:00","breadcrumb":{"@id":"https:\/\/officedus.de\/de\/services\/business-support\/#breadcrumb"},"inLanguage":"de","potentialAction":[{"@type":"ReadAction","target":["https:\/\/officedus.de\/de\/services\/business-support\/"]}]},{"@type":"BreadcrumbList","@id":"https:\/\/officedus.de\/de\/services\/business-support\/#breadcrumb","itemListElement":[{"@type":"ListItem","position":1,"name":"Startseite","item":"https:\/\/officedus.de\/de\/"},{"@type":"ListItem","position":2,"name":"Services","item":"https:\/\/officedus.de\/de\/services\/"},{"@type":"ListItem","position":3,"name":"Business Support"}]},{"@type":"WebSite","@id":"https:\/\/officedus.de\/#website","url":"https:\/\/officedus.de\/","name":"ABD","description":"","potentialAction":[{"@type":"SearchAction","target":{"@type":"EntryPoint","urlTemplate":"https:\/\/officedus.de\/?s={search_term_string}"},"query-input":"required name=search_term_string"}],"inLanguage":"de"}]}},"_links":{"self":[{"href":"https:\/\/officedus.de\/de\/wp-json\/wp\/v2\/pages\/197"}],"collection":[{"href":"https:\/\/officedus.de\/de\/wp-json\/wp\/v2\/pages"}],"about":[{"href":"https:\/\/officedus.de\/de\/wp-json\/wp\/v2\/types\/page"}],"author":[{"embeddable":true,"href":"https:\/\/officedus.de\/de\/wp-json\/wp\/v2\/users\/1"}],"replies":[{"embeddable":true,"href":"https:\/\/officedus.de\/de\/wp-json\/wp\/v2\/comments?post=197"}],"version-history":[{"count":4,"href":"https:\/\/officedus.de\/de\/wp-json\/wp\/v2\/pages\/197\/revisions"}],"predecessor-version":[{"id":1129,"href":"https:\/\/officedus.de\/de\/wp-json\/wp\/v2\/pages\/197\/revisions\/1129"}],"up":[{"embeddable":true,"href":"https:\/\/officedus.de\/de\/wp-json\/wp\/v2\/pages\/34"}],"wp:attachment":[{"href":"https:\/\/officedus.de\/de\/wp-json\/wp\/v2\/media?parent=197"}],"curies":[{"name":"wp","href":"https:\/\/api.w.org\/{rel}","templated":true}]}}