{"id":195,"date":"2017-09-07T16:35:33","date_gmt":"2017-09-07T14:35:33","guid":{"rendered":"http:\/\/a-b-d.de\/wp\/?page_id=195\/"},"modified":"2021-09-23T09:39:47","modified_gmt":"2021-09-23T07:39:47","slug":"catering","status":"publish","type":"page","link":"https:\/\/officedus.de\/de\/services\/catering\/","title":{"rendered":"Catering"},"content":{"rendered":"<h1>Catering<\/h1>\n<p>F\u00fcr Ihre wichtigen Besprechungen, Empf\u00e4nge, Vertriebstreffen finden wir f\u00fcr Sie immer die richtige und ansprechenste Verpflegung!<\/p>\n<p>Wir arbeiten dabei mit mehreren Catering Firmen zussammen, k\u00f6nnen uns daher sehr gut auf Ihre kulinarischen W\u00fcnsche und Ihr Budget einrichten.<\/p>\n<p>&nbsp;<\/p>\n","protected":false},"excerpt":{"rendered":"<p>Catering F\u00fcr Ihre wichtigen Besprechungen, Empf\u00e4nge, Vertriebstreffen finden wir f\u00fcr Sie immer die richtige und ansprechenste Verpflegung! Wir arbeiten dabei mit mehreren Catering Firmen zussammen, k\u00f6nnen uns daher sehr gut auf Ihre kulinarischen W\u00fcnsche und Ihr Budget einrichten. &nbsp;<\/p>\n","protected":false},"author":1,"featured_media":0,"parent":34,"menu_order":0,"comment_status":"closed","ping_status":"closed","template":"","meta":[],"acf":[],"yoast_head":"<!-- This site is optimized with the Yoast SEO plugin v19.10 - https:\/\/yoast.com\/wordpress\/plugins\/seo\/ -->\n<title>Catering - ABD<\/title>\n<meta name=\"robots\" content=\"index, follow, max-snippet:-1, max-image-preview:large, max-video-preview:-1\" \/>\n<link rel=\"canonical\" href=\"https:\/\/officedus.de\/de\/services\/catering\/\" \/>\n<meta property=\"og:locale\" content=\"de_DE\" \/>\n<meta property=\"og:type\" content=\"article\" \/>\n<meta property=\"og:title\" content=\"Catering - ABD\" \/>\n<meta property=\"og:description\" content=\"Catering F\u00fcr Ihre wichtigen Besprechungen, Empf\u00e4nge, Vertriebstreffen finden wir f\u00fcr Sie immer die richtige und ansprechenste Verpflegung! Wir arbeiten dabei mit mehreren Catering Firmen zussammen, k\u00f6nnen uns daher sehr gut auf Ihre kulinarischen W\u00fcnsche und Ihr Budget einrichten. &nbsp;\" \/>\n<meta property=\"og:url\" content=\"https:\/\/officedus.de\/de\/services\/catering\/\" \/>\n<meta property=\"og:site_name\" content=\"ABD\" \/>\n<meta property=\"article:modified_time\" content=\"2021-09-23T07:39:47+00:00\" \/>\n<meta name=\"twitter:card\" content=\"summary_large_image\" \/>\n<meta name=\"twitter:label1\" content=\"Gesch\u00e4tzte Lesezeit\" \/>\n\t<meta name=\"twitter:data1\" content=\"1\u00a0Minute\" \/>\n<script type=\"application\/ld+json\" class=\"yoast-schema-graph\">{\"@context\":\"https:\/\/schema.org\",\"@graph\":[{\"@type\":\"WebPage\",\"@id\":\"https:\/\/officedus.de\/de\/services\/catering\/\",\"url\":\"https:\/\/officedus.de\/de\/services\/catering\/\",\"name\":\"Catering - ABD\",\"isPartOf\":{\"@id\":\"https:\/\/officedus.de\/#website\"},\"datePublished\":\"2017-09-07T14:35:33+00:00\",\"dateModified\":\"2021-09-23T07:39:47+00:00\",\"breadcrumb\":{\"@id\":\"https:\/\/officedus.de\/de\/services\/catering\/#breadcrumb\"},\"inLanguage\":\"de\",\"potentialAction\":[{\"@type\":\"ReadAction\",\"target\":[\"https:\/\/officedus.de\/de\/services\/catering\/\"]}]},{\"@type\":\"BreadcrumbList\",\"@id\":\"https:\/\/officedus.de\/de\/services\/catering\/#breadcrumb\",\"itemListElement\":[{\"@type\":\"ListItem\",\"position\":1,\"name\":\"Startseite\",\"item\":\"https:\/\/officedus.de\/de\/\"},{\"@type\":\"ListItem\",\"position\":2,\"name\":\"Services\",\"item\":\"https:\/\/officedus.de\/de\/services\/\"},{\"@type\":\"ListItem\",\"position\":3,\"name\":\"Catering\"}]},{\"@type\":\"WebSite\",\"@id\":\"https:\/\/officedus.de\/#website\",\"url\":\"https:\/\/officedus.de\/\",\"name\":\"ABD\",\"description\":\"\",\"potentialAction\":[{\"@type\":\"SearchAction\",\"target\":{\"@type\":\"EntryPoint\",\"urlTemplate\":\"https:\/\/officedus.de\/?s={search_term_string}\"},\"query-input\":\"required name=search_term_string\"}],\"inLanguage\":\"de\"}]}<\/script>\n<!-- \/ Yoast SEO plugin. -->","yoast_head_json":{"title":"Catering - ABD","robots":{"index":"index","follow":"follow","max-snippet":"max-snippet:-1","max-image-preview":"max-image-preview:large","max-video-preview":"max-video-preview:-1"},"canonical":"https:\/\/officedus.de\/de\/services\/catering\/","og_locale":"de_DE","og_type":"article","og_title":"Catering - ABD","og_description":"Catering F\u00fcr Ihre wichtigen Besprechungen, Empf\u00e4nge, Vertriebstreffen finden wir f\u00fcr Sie immer die richtige und ansprechenste Verpflegung! Wir arbeiten dabei mit mehreren Catering Firmen zussammen, k\u00f6nnen uns daher sehr gut auf Ihre kulinarischen W\u00fcnsche und Ihr Budget einrichten. &nbsp;","og_url":"https:\/\/officedus.de\/de\/services\/catering\/","og_site_name":"ABD","article_modified_time":"2021-09-23T07:39:47+00:00","twitter_card":"summary_large_image","twitter_misc":{"Gesch\u00e4tzte Lesezeit":"1\u00a0Minute"},"schema":{"@context":"https:\/\/schema.org","@graph":[{"@type":"WebPage","@id":"https:\/\/officedus.de\/de\/services\/catering\/","url":"https:\/\/officedus.de\/de\/services\/catering\/","name":"Catering - ABD","isPartOf":{"@id":"https:\/\/officedus.de\/#website"},"datePublished":"2017-09-07T14:35:33+00:00","dateModified":"2021-09-23T07:39:47+00:00","breadcrumb":{"@id":"https:\/\/officedus.de\/de\/services\/catering\/#breadcrumb"},"inLanguage":"de","potentialAction":[{"@type":"ReadAction","target":["https:\/\/officedus.de\/de\/services\/catering\/"]}]},{"@type":"BreadcrumbList","@id":"https:\/\/officedus.de\/de\/services\/catering\/#breadcrumb","itemListElement":[{"@type":"ListItem","position":1,"name":"Startseite","item":"https:\/\/officedus.de\/de\/"},{"@type":"ListItem","position":2,"name":"Services","item":"https:\/\/officedus.de\/de\/services\/"},{"@type":"ListItem","position":3,"name":"Catering"}]},{"@type":"WebSite","@id":"https:\/\/officedus.de\/#website","url":"https:\/\/officedus.de\/","name":"ABD","description":"","potentialAction":[{"@type":"SearchAction","target":{"@type":"EntryPoint","urlTemplate":"https:\/\/officedus.de\/?s={search_term_string}"},"query-input":"required name=search_term_string"}],"inLanguage":"de"}]}},"_links":{"self":[{"href":"https:\/\/officedus.de\/de\/wp-json\/wp\/v2\/pages\/195"}],"collection":[{"href":"https:\/\/officedus.de\/de\/wp-json\/wp\/v2\/pages"}],"about":[{"href":"https:\/\/officedus.de\/de\/wp-json\/wp\/v2\/types\/page"}],"author":[{"embeddable":true,"href":"https:\/\/officedus.de\/de\/wp-json\/wp\/v2\/users\/1"}],"replies":[{"embeddable":true,"href":"https:\/\/officedus.de\/de\/wp-json\/wp\/v2\/comments?post=195"}],"version-history":[{"count":5,"href":"https:\/\/officedus.de\/de\/wp-json\/wp\/v2\/pages\/195\/revisions"}],"predecessor-version":[{"id":1130,"href":"https:\/\/officedus.de\/de\/wp-json\/wp\/v2\/pages\/195\/revisions\/1130"}],"up":[{"embeddable":true,"href":"https:\/\/officedus.de\/de\/wp-json\/wp\/v2\/pages\/34"}],"wp:attachment":[{"href":"https:\/\/officedus.de\/de\/wp-json\/wp\/v2\/media?parent=195"}],"curies":[{"name":"wp","href":"https:\/\/api.w.org\/{rel}","templated":true}]}}