{"id":193,"date":"2017-09-07T16:35:12","date_gmt":"2017-09-07T14:35:12","guid":{"rendered":"http:\/\/a-b-d.de\/wp\/?page_id=193\/"},"modified":"2021-09-23T09:40:16","modified_gmt":"2021-09-23T07:40:16","slug":"office-service","status":"publish","type":"page","link":"https:\/\/officedus.de\/de\/services\/office-service\/","title":{"rendered":"Office Service"},"content":{"rendered":"<p>[vc_row][vc_column][vc_column_text]<\/p>\n<h1>Office Service<\/h1>\n<p>Unser Office Service umfasst den pers\u00f6nlichen Empfang, Post- und Beh\u00f6rdenwege, Besorgungen, IT-, Computer-, Schreib- und \u00dcbersetzungsarbeiten und nat\u00fcrlich einen ansprechenden Telefonservice.<br \/>\nSie sind somit immer erreichbar. Auch wenn Sie nicht im Hause sind, entgeht Ihnen kein wichtiger Anruf. Wir nehmen Ihre Anrufe wie Ihr Firmensekretariat entgegen, notieren f\u00fcr Sie die Informationen oder verbinden jedes Gespr\u00e4ch auf Ihr Handy oder einen anderen Anschluss. Auch am Abend oder am Wochenende k\u00f6nnen Sie \u00fcber eine Rufumleitung erreichbar bleiben.<\/p>\n<p><a href=\"https:\/\/officedus.de\/kontakt\/\">Kontaktieren Sie uns!<\/a>[\/vc_column_text][\/vc_column][\/vc_row]<\/p>\n","protected":false},"excerpt":{"rendered":"<p>[vc_row][vc_column][vc_column_text] Office Service Unser Office Service umfasst den pers\u00f6nlichen Empfang, Post- und Beh\u00f6rdenwege, Besorgungen, IT-, Computer-, Schreib- und \u00dcbersetzungsarbeiten und nat\u00fcrlich einen ansprechenden Telefonservice. Sie sind somit immer erreichbar. Auch wenn Sie nicht im Hause sind, entgeht Ihnen kein wichtiger Anruf. Wir nehmen Ihre Anrufe wie Ihr Firmensekretariat entgegen, notieren f\u00fcr Sie die Informationen oder<\/p>\n","protected":false},"author":1,"featured_media":0,"parent":34,"menu_order":0,"comment_status":"closed","ping_status":"closed","template":"","meta":[],"acf":[],"yoast_head":"<!-- This site is optimized with the Yoast SEO plugin v19.10 - https:\/\/yoast.com\/wordpress\/plugins\/seo\/ -->\n<title>Office Service - ABD<\/title>\n<meta name=\"robots\" content=\"index, follow, max-snippet:-1, max-image-preview:large, max-video-preview:-1\" \/>\n<link rel=\"canonical\" href=\"https:\/\/officedus.de\/de\/services\/office-service\/\" \/>\n<meta property=\"og:locale\" content=\"de_DE\" \/>\n<meta property=\"og:type\" content=\"article\" \/>\n<meta property=\"og:title\" content=\"Office Service - ABD\" \/>\n<meta property=\"og:description\" content=\"[vc_row][vc_column][vc_column_text] Office Service Unser Office Service umfasst den pers\u00f6nlichen Empfang, Post- und Beh\u00f6rdenwege, Besorgungen, IT-, Computer-, Schreib- und \u00dcbersetzungsarbeiten und nat\u00fcrlich einen ansprechenden Telefonservice. Sie sind somit immer erreichbar. Auch wenn Sie nicht im Hause sind, entgeht Ihnen kein wichtiger Anruf. Wir nehmen Ihre Anrufe wie Ihr Firmensekretariat entgegen, notieren f\u00fcr Sie die Informationen oder\" \/>\n<meta property=\"og:url\" content=\"https:\/\/officedus.de\/de\/services\/office-service\/\" \/>\n<meta property=\"og:site_name\" content=\"ABD\" \/>\n<meta property=\"article:modified_time\" content=\"2021-09-23T07:40:16+00:00\" \/>\n<meta name=\"twitter:card\" content=\"summary_large_image\" \/>\n<meta name=\"twitter:label1\" content=\"Gesch\u00e4tzte Lesezeit\" \/>\n\t<meta name=\"twitter:data1\" content=\"1\u00a0Minute\" \/>\n<script type=\"application\/ld+json\" class=\"yoast-schema-graph\">{\"@context\":\"https:\/\/schema.org\",\"@graph\":[{\"@type\":\"WebPage\",\"@id\":\"https:\/\/officedus.de\/de\/services\/office-service\/\",\"url\":\"https:\/\/officedus.de\/de\/services\/office-service\/\",\"name\":\"Office Service - ABD\",\"isPartOf\":{\"@id\":\"https:\/\/officedus.de\/#website\"},\"datePublished\":\"2017-09-07T14:35:12+00:00\",\"dateModified\":\"2021-09-23T07:40:16+00:00\",\"breadcrumb\":{\"@id\":\"https:\/\/officedus.de\/de\/services\/office-service\/#breadcrumb\"},\"inLanguage\":\"de\",\"potentialAction\":[{\"@type\":\"ReadAction\",\"target\":[\"https:\/\/officedus.de\/de\/services\/office-service\/\"]}]},{\"@type\":\"BreadcrumbList\",\"@id\":\"https:\/\/officedus.de\/de\/services\/office-service\/#breadcrumb\",\"itemListElement\":[{\"@type\":\"ListItem\",\"position\":1,\"name\":\"Startseite\",\"item\":\"https:\/\/officedus.de\/de\/\"},{\"@type\":\"ListItem\",\"position\":2,\"name\":\"Services\",\"item\":\"https:\/\/officedus.de\/de\/services\/\"},{\"@type\":\"ListItem\",\"position\":3,\"name\":\"Office Service\"}]},{\"@type\":\"WebSite\",\"@id\":\"https:\/\/officedus.de\/#website\",\"url\":\"https:\/\/officedus.de\/\",\"name\":\"ABD\",\"description\":\"\",\"potentialAction\":[{\"@type\":\"SearchAction\",\"target\":{\"@type\":\"EntryPoint\",\"urlTemplate\":\"https:\/\/officedus.de\/?s={search_term_string}\"},\"query-input\":\"required name=search_term_string\"}],\"inLanguage\":\"de\"}]}<\/script>\n<!-- \/ Yoast SEO plugin. -->","yoast_head_json":{"title":"Office Service - ABD","robots":{"index":"index","follow":"follow","max-snippet":"max-snippet:-1","max-image-preview":"max-image-preview:large","max-video-preview":"max-video-preview:-1"},"canonical":"https:\/\/officedus.de\/de\/services\/office-service\/","og_locale":"de_DE","og_type":"article","og_title":"Office Service - ABD","og_description":"[vc_row][vc_column][vc_column_text] Office Service Unser Office Service umfasst den pers\u00f6nlichen Empfang, Post- und Beh\u00f6rdenwege, Besorgungen, IT-, Computer-, Schreib- und \u00dcbersetzungsarbeiten und nat\u00fcrlich einen ansprechenden Telefonservice. Sie sind somit immer erreichbar. Auch wenn Sie nicht im Hause sind, entgeht Ihnen kein wichtiger Anruf. Wir nehmen Ihre Anrufe wie Ihr Firmensekretariat entgegen, notieren f\u00fcr Sie die Informationen oder","og_url":"https:\/\/officedus.de\/de\/services\/office-service\/","og_site_name":"ABD","article_modified_time":"2021-09-23T07:40:16+00:00","twitter_card":"summary_large_image","twitter_misc":{"Gesch\u00e4tzte Lesezeit":"1\u00a0Minute"},"schema":{"@context":"https:\/\/schema.org","@graph":[{"@type":"WebPage","@id":"https:\/\/officedus.de\/de\/services\/office-service\/","url":"https:\/\/officedus.de\/de\/services\/office-service\/","name":"Office Service - ABD","isPartOf":{"@id":"https:\/\/officedus.de\/#website"},"datePublished":"2017-09-07T14:35:12+00:00","dateModified":"2021-09-23T07:40:16+00:00","breadcrumb":{"@id":"https:\/\/officedus.de\/de\/services\/office-service\/#breadcrumb"},"inLanguage":"de","potentialAction":[{"@type":"ReadAction","target":["https:\/\/officedus.de\/de\/services\/office-service\/"]}]},{"@type":"BreadcrumbList","@id":"https:\/\/officedus.de\/de\/services\/office-service\/#breadcrumb","itemListElement":[{"@type":"ListItem","position":1,"name":"Startseite","item":"https:\/\/officedus.de\/de\/"},{"@type":"ListItem","position":2,"name":"Services","item":"https:\/\/officedus.de\/de\/services\/"},{"@type":"ListItem","position":3,"name":"Office Service"}]},{"@type":"WebSite","@id":"https:\/\/officedus.de\/#website","url":"https:\/\/officedus.de\/","name":"ABD","description":"","potentialAction":[{"@type":"SearchAction","target":{"@type":"EntryPoint","urlTemplate":"https:\/\/officedus.de\/?s={search_term_string}"},"query-input":"required name=search_term_string"}],"inLanguage":"de"}]}},"_links":{"self":[{"href":"https:\/\/officedus.de\/de\/wp-json\/wp\/v2\/pages\/193"}],"collection":[{"href":"https:\/\/officedus.de\/de\/wp-json\/wp\/v2\/pages"}],"about":[{"href":"https:\/\/officedus.de\/de\/wp-json\/wp\/v2\/types\/page"}],"author":[{"embeddable":true,"href":"https:\/\/officedus.de\/de\/wp-json\/wp\/v2\/users\/1"}],"replies":[{"embeddable":true,"href":"https:\/\/officedus.de\/de\/wp-json\/wp\/v2\/comments?post=193"}],"version-history":[{"count":9,"href":"https:\/\/officedus.de\/de\/wp-json\/wp\/v2\/pages\/193\/revisions"}],"predecessor-version":[{"id":1132,"href":"https:\/\/officedus.de\/de\/wp-json\/wp\/v2\/pages\/193\/revisions\/1132"}],"up":[{"embeddable":true,"href":"https:\/\/officedus.de\/de\/wp-json\/wp\/v2\/pages\/34"}],"wp:attachment":[{"href":"https:\/\/officedus.de\/de\/wp-json\/wp\/v2\/media?parent=193"}],"curies":[{"name":"wp","href":"https:\/\/api.w.org\/{rel}","templated":true}]}}